{"id":892,"date":"2023-01-28T21:08:14","date_gmt":"2023-01-28T20:08:14","guid":{"rendered":"http:\/\/obchudekuanny.cz\/?post_type=product&#038;p=892"},"modified":"2023-08-15T10:42:14","modified_gmt":"2023-08-15T08:42:14","slug":"pyzamo-auta-gudo","status":"publish","type":"product","link":"https:\/\/obchudekuanny.cz\/?product=pyzamo-auta-gudo","title":{"rendered":"Py\u017eamo auta GUDO"},"content":{"rendered":"","protected":false},"excerpt":{"rendered":"<ul>\n<li>Bavln\u011bn\u00e9 py\u017eamko u\u0161it\u00e9 \u010cESKOU firmou GUDO.<\/li>\n<li>Material 98% bavlna a 2%elastan.<\/li>\n<li>N\u00e1plety na no\u017ei\u010dk\u00e1ch a ru\u010di\u010dk\u00e1ch.<\/li>\n<li>D\u011bti\u010dk\u00e1m tedy kr\u00e1sn\u011b sed\u00ed a snesou v\u011bts\u00ed velikost.<\/li>\n<li>V pase gumi\u010dka.<\/li>\n<li>Kr\u00e1sn\u011b dr\u017e\u00ed tvar i barvu.<\/li>\n<li>U\u0160ITO V \u010cESKU<\/li>\n<li>N\u00e1\u0161 mal\u00fd model m\u00e1 na sob\u011b velikost 98.<\/li>\n<\/ul>\n","protected":false},"featured_media":2399,"comment_status":"open","ping_status":"closed","template":"","meta":[],"product_brand":[],"product_cat":[64],"product_tag":[67,59,108],"class_list":{"0":"post-892","1":"product","2":"type-product","3":"status-publish","4":"has-post-thumbnail","6":"product_cat-pyzama","7":"product_tag-auta","8":"product_tag-gudo","9":"product_tag-pyzamo","11":"first","12":"instock","13":"taxable","14":"shipping-taxable","15":"product-type-variable"},"_links":{"self":[{"href":"https:\/\/obchudekuanny.cz\/index.php?rest_route=\/wp\/v2\/product\/892","targetHints":{"allow":["GET"]}}],"collection":[{"href":"https:\/\/obchudekuanny.cz\/index.php?rest_route=\/wp\/v2\/product"}],"about":[{"href":"https:\/\/obchudekuanny.cz\/index.php?rest_route=\/wp\/v2\/types\/product"}],"replies":[{"embeddable":true,"href":"https:\/\/obchudekuanny.cz\/index.php?rest_route=%2Fwp%2Fv2%2Fcomments&post=892"}],"wp:featuredmedia":[{"embeddable":true,"href":"https:\/\/obchudekuanny.cz\/index.php?rest_route=\/wp\/v2\/media\/2399"}],"wp:attachment":[{"href":"https:\/\/obchudekuanny.cz\/index.php?rest_route=%2Fwp%2Fv2%2Fmedia&parent=892"}],"wp:term":[{"taxonomy":"product_brand","embeddable":true,"href":"https:\/\/obchudekuanny.cz\/index.php?rest_route=%2Fwp%2Fv2%2Fproduct_brand&post=892"},{"taxonomy":"product_cat","embeddable":true,"href":"https:\/\/obchudekuanny.cz\/index.php?rest_route=%2Fwp%2Fv2%2Fproduct_cat&post=892"},{"taxonomy":"product_tag","embeddable":true,"href":"https:\/\/obchudekuanny.cz\/index.php?rest_route=%2Fwp%2Fv2%2Fproduct_tag&post=892"}],"curies":[{"name":"wp","href":"https:\/\/api.w.org\/{rel}","templated":true}]}}