{"id":859,"date":"2023-01-26T11:22:09","date_gmt":"2023-01-26T10:22:09","guid":{"rendered":"http:\/\/obchudekuanny.cz\/?post_type=product&#038;p=859"},"modified":"2023-05-01T07:38:16","modified_gmt":"2023-05-01T05:38:16","slug":"tricko-minecraft-cervene-gt","status":"publish","type":"product","link":"https:\/\/obchudekuanny.cz\/?product=tricko-minecraft-cervene-gt","title":{"rendered":"Tri\u010dko \u010derven\u00e9 GT"},"content":{"rendered":"","protected":false},"excerpt":{"rendered":"<ul>\n<li>Kr\u00e1sn\u00e9 chlapeck\u00e9 tri\u010dko POLSK\u00c9 zna\u010dky GT.<\/li>\n<li>V\u00fdrobce oble\u010den\u00ed GT m\u00e1 velmi kvalitn\u00ed a dob\u0159e zpracovan\u00e9 produkty.<\/li>\n<li>Pevn\u00fd a pru\u017en\u00fd material .<\/li>\n<li>Doporu\u010den\u00e9 pran\u00ed na 40\u00b0C.<\/li>\n<li>100% bavlna.<\/li>\n<li>Perfektn\u011b dr\u017e\u00ed tvar i barvu.<\/li>\n<li>VELIKOSTN\u011a SED\u00cd.<\/li>\n<\/ul>\n","protected":false},"featured_media":2529,"comment_status":"open","ping_status":"closed","template":"","meta":[],"product_brand":[],"product_cat":[43,63],"product_tag":[113,91,80,79],"class_list":{"0":"post-859","1":"product","2":"type-product","3":"status-publish","4":"has-post-thumbnail","6":"product_cat-chlapecke-obleceni","7":"product_cat-tricka-kratky-dlouhy-rukav","8":"product_tag-cervena","9":"product_tag-gt","10":"product_tag-tricko","11":"product_tag-triko","13":"first","14":"instock","15":"taxable","16":"shipping-taxable","17":"purchasable","18":"product-type-variable"},"_links":{"self":[{"href":"https:\/\/obchudekuanny.cz\/index.php?rest_route=\/wp\/v2\/product\/859","targetHints":{"allow":["GET"]}}],"collection":[{"href":"https:\/\/obchudekuanny.cz\/index.php?rest_route=\/wp\/v2\/product"}],"about":[{"href":"https:\/\/obchudekuanny.cz\/index.php?rest_route=\/wp\/v2\/types\/product"}],"replies":[{"embeddable":true,"href":"https:\/\/obchudekuanny.cz\/index.php?rest_route=%2Fwp%2Fv2%2Fcomments&post=859"}],"wp:featuredmedia":[{"embeddable":true,"href":"https:\/\/obchudekuanny.cz\/index.php?rest_route=\/wp\/v2\/media\/2529"}],"wp:attachment":[{"href":"https:\/\/obchudekuanny.cz\/index.php?rest_route=%2Fwp%2Fv2%2Fmedia&parent=859"}],"wp:term":[{"taxonomy":"product_brand","embeddable":true,"href":"https:\/\/obchudekuanny.cz\/index.php?rest_route=%2Fwp%2Fv2%2Fproduct_brand&post=859"},{"taxonomy":"product_cat","embeddable":true,"href":"https:\/\/obchudekuanny.cz\/index.php?rest_route=%2Fwp%2Fv2%2Fproduct_cat&post=859"},{"taxonomy":"product_tag","embeddable":true,"href":"https:\/\/obchudekuanny.cz\/index.php?rest_route=%2Fwp%2Fv2%2Fproduct_tag&post=859"}],"curies":[{"name":"wp","href":"https:\/\/api.w.org\/{rel}","templated":true}]}}