{"id":764,"date":"2023-01-23T11:37:00","date_gmt":"2023-01-23T10:37:00","guid":{"rendered":"http:\/\/obchudekuanny.cz\/?post_type=product&#038;p=764"},"modified":"2023-05-01T08:23:12","modified_gmt":"2023-05-01T06:23:12","slug":"teplaky-motylci-gudo","status":"publish","type":"product","link":"https:\/\/obchudekuanny.cz\/?product=teplaky-motylci-gudo","title":{"rendered":"Tepl\u00e1ky mot\u00fdlci GUDO"},"content":{"rendered":"","protected":false},"excerpt":{"rendered":"<ul>\n<li>Bavln\u011bn\u00e9 tepl\u00e1\u010dky u\u0161it\u00e9 \u010cESKOU firmou GUDO.<\/li>\n<li>Material 98 % bavlna a 2 % elastan.<\/li>\n<li>N\u00e1plety na no\u017ei\u010dk\u00e1ch kr\u00e1sn\u011b obepnou kotn\u00edk.<\/li>\n<li>V pase guma.<\/li>\n<li>Kr\u00e1sn\u011b dr\u017e\u00ed tvar i barvu.<\/li>\n<li>U\u0160ITO V \u010cESKU<\/li>\n<li>Nesed\u00ed pro siln\u011bj\u0161\u00ed d\u011bti\u010dky.<\/li>\n<li>PO DOMLUV\u011a je mo\u017en\u00e9 nechat u\u0161\u00edt na m\u00edru.<\/li>\n<\/ul>\n","protected":false},"featured_media":2355,"comment_status":"open","ping_status":"closed","template":"","meta":[],"product_brand":[],"product_cat":[55],"product_tag":[59,93,69],"class_list":{"0":"post-764","1":"product","2":"type-product","3":"status-publish","4":"has-post-thumbnail","6":"product_cat-teplaky-leginy","7":"product_tag-gudo","8":"product_tag-motyl","9":"product_tag-teplaky","11":"first","12":"instock","13":"taxable","14":"shipping-taxable","15":"purchasable","16":"product-type-variable"},"_links":{"self":[{"href":"https:\/\/obchudekuanny.cz\/index.php?rest_route=\/wp\/v2\/product\/764","targetHints":{"allow":["GET"]}}],"collection":[{"href":"https:\/\/obchudekuanny.cz\/index.php?rest_route=\/wp\/v2\/product"}],"about":[{"href":"https:\/\/obchudekuanny.cz\/index.php?rest_route=\/wp\/v2\/types\/product"}],"replies":[{"embeddable":true,"href":"https:\/\/obchudekuanny.cz\/index.php?rest_route=%2Fwp%2Fv2%2Fcomments&post=764"}],"wp:featuredmedia":[{"embeddable":true,"href":"https:\/\/obchudekuanny.cz\/index.php?rest_route=\/wp\/v2\/media\/2355"}],"wp:attachment":[{"href":"https:\/\/obchudekuanny.cz\/index.php?rest_route=%2Fwp%2Fv2%2Fmedia&parent=764"}],"wp:term":[{"taxonomy":"product_brand","embeddable":true,"href":"https:\/\/obchudekuanny.cz\/index.php?rest_route=%2Fwp%2Fv2%2Fproduct_brand&post=764"},{"taxonomy":"product_cat","embeddable":true,"href":"https:\/\/obchudekuanny.cz\/index.php?rest_route=%2Fwp%2Fv2%2Fproduct_cat&post=764"},{"taxonomy":"product_tag","embeddable":true,"href":"https:\/\/obchudekuanny.cz\/index.php?rest_route=%2Fwp%2Fv2%2Fproduct_tag&post=764"}],"curies":[{"name":"wp","href":"https:\/\/api.w.org\/{rel}","templated":true}]}}