{"id":729,"date":"2023-01-22T13:56:51","date_gmt":"2023-01-22T12:56:51","guid":{"rendered":"http:\/\/obchudekuanny.cz\/?post_type=product&#038;p=729"},"modified":"2023-05-14T20:54:16","modified_gmt":"2023-05-14T18:54:16","slug":"saty-motylci-atut","status":"publish","type":"product","link":"https:\/\/obchudekuanny.cz\/?product=saty-motylci-atut","title":{"rendered":"\u0160aty mot\u00fdlci ATUT"},"content":{"rendered":"","protected":false},"excerpt":{"rendered":"<ul>\n<li>\u0160ati\u010dky pro velk\u00e9 princezny od velikosti 128 do velikosti 146.<\/li>\n<li>Polsk\u00e1 zna\u010dka ATUT.<\/li>\n<li>Lehk\u00fd a kvalitn\u00ed material .<\/li>\n<li>DOPORU\u010cUJEME pr\u00e1t na 40\u00b0.<\/li>\n<li>Skv\u011bl\u00e9 do letn\u00edch parn\u00fdch dn\u00ed.<\/li>\n<\/ul>\n","protected":false},"featured_media":2428,"comment_status":"open","ping_status":"closed","template":"","meta":[],"product_brand":[],"product_cat":[77],"product_tag":[75,89,76],"class_list":{"0":"post-729","1":"product","2":"type-product","3":"status-publish","4":"has-post-thumbnail","6":"product_cat-saty-sukynky","7":"product_tag-atut","8":"product_tag-motylci","9":"product_tag-saty","11":"first","12":"instock","13":"taxable","14":"shipping-taxable","15":"purchasable","16":"product-type-variable"},"_links":{"self":[{"href":"https:\/\/obchudekuanny.cz\/index.php?rest_route=\/wp\/v2\/product\/729","targetHints":{"allow":["GET"]}}],"collection":[{"href":"https:\/\/obchudekuanny.cz\/index.php?rest_route=\/wp\/v2\/product"}],"about":[{"href":"https:\/\/obchudekuanny.cz\/index.php?rest_route=\/wp\/v2\/types\/product"}],"replies":[{"embeddable":true,"href":"https:\/\/obchudekuanny.cz\/index.php?rest_route=%2Fwp%2Fv2%2Fcomments&post=729"}],"wp:featuredmedia":[{"embeddable":true,"href":"https:\/\/obchudekuanny.cz\/index.php?rest_route=\/wp\/v2\/media\/2428"}],"wp:attachment":[{"href":"https:\/\/obchudekuanny.cz\/index.php?rest_route=%2Fwp%2Fv2%2Fmedia&parent=729"}],"wp:term":[{"taxonomy":"product_brand","embeddable":true,"href":"https:\/\/obchudekuanny.cz\/index.php?rest_route=%2Fwp%2Fv2%2Fproduct_brand&post=729"},{"taxonomy":"product_cat","embeddable":true,"href":"https:\/\/obchudekuanny.cz\/index.php?rest_route=%2Fwp%2Fv2%2Fproduct_cat&post=729"},{"taxonomy":"product_tag","embeddable":true,"href":"https:\/\/obchudekuanny.cz\/index.php?rest_route=%2Fwp%2Fv2%2Fproduct_tag&post=729"}],"curies":[{"name":"wp","href":"https:\/\/api.w.org\/{rel}","templated":true}]}}