{"id":720,"date":"2023-01-22T13:12:52","date_gmt":"2023-01-22T12:12:52","guid":{"rendered":"http:\/\/obchudekuanny.cz\/?post_type=product&#038;p=720"},"modified":"2023-05-01T16:20:29","modified_gmt":"2023-05-01T14:20:29","slug":"saty-hnede-puntik-atut","status":"publish","type":"product","link":"https:\/\/obchudekuanny.cz\/?product=saty-hnede-puntik-atut","title":{"rendered":"\u0160aty hn\u011bd\u00e9 punt\u00edk ATUT"},"content":{"rendered":"","protected":false},"excerpt":{"rendered":"<ul>\n<li>\u0160ati\u010dky pro mal\u00e9 princezny od velikosti 98 do velikosti 128.<\/li>\n<li>Polsk\u00e1 zna\u010dka ATUT.<\/li>\n<li>Lehk\u00fd a kvalitn\u00ed material .<\/li>\n<li>DOPORU\u010cUJEME pr\u00e1t na 40\u00b0.<\/li>\n<li>Skv\u011bl\u00e9 do letn\u00edch parn\u00fdch dn\u00ed.<\/li>\n<\/ul>\n","protected":false},"featured_media":2429,"comment_status":"open","ping_status":"closed","template":"","meta":[],"product_brand":[],"product_cat":[77],"product_tag":[75,88,76],"class_list":{"0":"post-720","1":"product","2":"type-product","3":"status-publish","4":"has-post-thumbnail","6":"product_cat-saty-sukynky","7":"product_tag-atut","8":"product_tag-puntik","9":"product_tag-saty","11":"first","12":"instock","13":"taxable","14":"shipping-taxable","15":"purchasable","16":"product-type-variable"},"_links":{"self":[{"href":"https:\/\/obchudekuanny.cz\/index.php?rest_route=\/wp\/v2\/product\/720","targetHints":{"allow":["GET"]}}],"collection":[{"href":"https:\/\/obchudekuanny.cz\/index.php?rest_route=\/wp\/v2\/product"}],"about":[{"href":"https:\/\/obchudekuanny.cz\/index.php?rest_route=\/wp\/v2\/types\/product"}],"replies":[{"embeddable":true,"href":"https:\/\/obchudekuanny.cz\/index.php?rest_route=%2Fwp%2Fv2%2Fcomments&post=720"}],"wp:featuredmedia":[{"embeddable":true,"href":"https:\/\/obchudekuanny.cz\/index.php?rest_route=\/wp\/v2\/media\/2429"}],"wp:attachment":[{"href":"https:\/\/obchudekuanny.cz\/index.php?rest_route=%2Fwp%2Fv2%2Fmedia&parent=720"}],"wp:term":[{"taxonomy":"product_brand","embeddable":true,"href":"https:\/\/obchudekuanny.cz\/index.php?rest_route=%2Fwp%2Fv2%2Fproduct_brand&post=720"},{"taxonomy":"product_cat","embeddable":true,"href":"https:\/\/obchudekuanny.cz\/index.php?rest_route=%2Fwp%2Fv2%2Fproduct_cat&post=720"},{"taxonomy":"product_tag","embeddable":true,"href":"https:\/\/obchudekuanny.cz\/index.php?rest_route=%2Fwp%2Fv2%2Fproduct_tag&post=720"}],"curies":[{"name":"wp","href":"https:\/\/api.w.org\/{rel}","templated":true}]}}