{"id":411,"date":"2023-01-08T22:02:13","date_gmt":"2023-01-08T21:02:13","guid":{"rendered":"http:\/\/obchudekuanny.cz\/?post_type=product&#038;p=411"},"modified":"2023-08-14T21:27:22","modified_gmt":"2023-08-14T19:27:22","slug":"softshellova-bunda-auta-gudo","status":"publish","type":"product","link":"https:\/\/obchudekuanny.cz\/?product=softshellova-bunda-auta-gudo","title":{"rendered":"Softshellov\u00e1 bunda auta GUDO"},"content":{"rendered":"","protected":false},"excerpt":{"rendered":"<ul>\n<li>Softshellov\u00e1 bunda 10 000 mm a 3 000 g\/m2\/24 hod.<\/li>\n<li>H\u0159ejiv\u00fd material pod\u0161it\u00fd fleecem.<\/li>\n<li>Skv\u011ble se hod\u00ed do podzimn\u00edch i jarn\u00edch sychrav\u00edch dn\u00ed.<\/li>\n<li>Lemy na ruk\u00e1vech obepnou ru\u010di\u010dku a ruk\u00e1vy nepadaj\u00ed.<\/li>\n<li>Skv\u011bl\u00e9 kapsy do kter\u00fdch se vejde spoustu v\u011bc\u00ed.<\/li>\n<li>KOLEKCE\u00a0<strong>2021<\/strong><\/li>\n<li>N\u00e1\u0161 mal\u00fd model m\u00e1 na sob\u011b velikost 128(8 let)<\/li>\n<\/ul>\n","protected":false},"featured_media":416,"comment_status":"open","ping_status":"closed","template":"","meta":[],"product_brand":[],"product_cat":[95],"product_tag":[67,232,59,231,65],"class_list":{"0":"post-411","1":"product","2":"type-product","3":"status-publish","4":"has-post-thumbnail","6":"product_cat-softshellove-bundy","7":"product_tag-auta","8":"product_tag-bunda","9":"product_tag-gudo","10":"product_tag-softshell","11":"product_tag-softshellova-bunda","13":"first","14":"instock","15":"taxable","16":"shipping-taxable","17":"purchasable","18":"product-type-variable"},"_links":{"self":[{"href":"https:\/\/obchudekuanny.cz\/index.php?rest_route=\/wp\/v2\/product\/411","targetHints":{"allow":["GET"]}}],"collection":[{"href":"https:\/\/obchudekuanny.cz\/index.php?rest_route=\/wp\/v2\/product"}],"about":[{"href":"https:\/\/obchudekuanny.cz\/index.php?rest_route=\/wp\/v2\/types\/product"}],"replies":[{"embeddable":true,"href":"https:\/\/obchudekuanny.cz\/index.php?rest_route=%2Fwp%2Fv2%2Fcomments&post=411"}],"wp:featuredmedia":[{"embeddable":true,"href":"https:\/\/obchudekuanny.cz\/index.php?rest_route=\/wp\/v2\/media\/416"}],"wp:attachment":[{"href":"https:\/\/obchudekuanny.cz\/index.php?rest_route=%2Fwp%2Fv2%2Fmedia&parent=411"}],"wp:term":[{"taxonomy":"product_brand","embeddable":true,"href":"https:\/\/obchudekuanny.cz\/index.php?rest_route=%2Fwp%2Fv2%2Fproduct_brand&post=411"},{"taxonomy":"product_cat","embeddable":true,"href":"https:\/\/obchudekuanny.cz\/index.php?rest_route=%2Fwp%2Fv2%2Fproduct_cat&post=411"},{"taxonomy":"product_tag","embeddable":true,"href":"https:\/\/obchudekuanny.cz\/index.php?rest_route=%2Fwp%2Fv2%2Fproduct_tag&post=411"}],"curies":[{"name":"wp","href":"https:\/\/api.w.org\/{rel}","templated":true}]}}