{"id":392,"date":"2023-01-08T13:17:52","date_gmt":"2023-01-08T12:17:52","guid":{"rendered":"http:\/\/obchudekuanny.cz\/?post_type=product&#038;p=392"},"modified":"2024-04-02T07:10:46","modified_gmt":"2024-04-02T05:10:46","slug":"softshellova-bunda-sedo-ruzova-gudo","status":"publish","type":"product","link":"https:\/\/obchudekuanny.cz\/?product=softshellova-bunda-sedo-ruzova-gudo","title":{"rendered":"Softshellov\u00e1 bunda \u0161edo\/r\u016f\u017eov\u00e1 GUDO"},"content":{"rendered":"","protected":false},"excerpt":{"rendered":"<div class=\"woocommerce-tabs wc-tabs-wrapper\">\n<div id=\"tab-description\" class=\"woocommerce-Tabs-panel woocommerce-Tabs-panel--description panel entry-content wc-tab\" role=\"tabpanel\" aria-labelledby=\"tab-title-description\">\n<ul>\n<li>Softshellov\u00e1 bunda 10 000 mm a 3 000 g\/m2\/24 hod<\/li>\n<li>h\u0159ejiv\u00fd material pod\u0161it\u00fd fleecem<\/li>\n<li>Skv\u011ble se hod\u00ed do podzimn\u00edch i jarn\u00edch sychrav\u00edch dn\u00ed<\/li>\n<li>Lemy na ruk\u00e1vech obepnou ru\u010di\u010dku a ruk\u00e1vy nepadaj\u00ed<\/li>\n<li>Skv\u011bl\u00e9 velk\u00e9 kapsy do kter\u00fdch se vejde spoustu v\u011bc\u00ed<\/li>\n<li>KOLEKCE\u00a0<strong>2022<\/strong><\/li>\n<\/ul>\n<\/div>\n<\/div>\n","protected":false},"featured_media":2450,"comment_status":"open","ping_status":"closed","template":"","meta":[],"product_brand":[],"product_cat":[61],"product_tag":[59,65],"class_list":{"0":"post-392","1":"product","2":"type-product","3":"status-publish","4":"has-post-thumbnail","6":"product_cat-softshellove-bundy-podsite-fleecem","7":"product_tag-gudo","8":"product_tag-softshellova-bunda","10":"first","11":"instock","12":"taxable","13":"shipping-taxable","14":"purchasable","15":"product-type-variable"},"_links":{"self":[{"href":"https:\/\/obchudekuanny.cz\/index.php?rest_route=\/wp\/v2\/product\/392","targetHints":{"allow":["GET"]}}],"collection":[{"href":"https:\/\/obchudekuanny.cz\/index.php?rest_route=\/wp\/v2\/product"}],"about":[{"href":"https:\/\/obchudekuanny.cz\/index.php?rest_route=\/wp\/v2\/types\/product"}],"replies":[{"embeddable":true,"href":"https:\/\/obchudekuanny.cz\/index.php?rest_route=%2Fwp%2Fv2%2Fcomments&post=392"}],"wp:featuredmedia":[{"embeddable":true,"href":"https:\/\/obchudekuanny.cz\/index.php?rest_route=\/wp\/v2\/media\/2450"}],"wp:attachment":[{"href":"https:\/\/obchudekuanny.cz\/index.php?rest_route=%2Fwp%2Fv2%2Fmedia&parent=392"}],"wp:term":[{"taxonomy":"product_brand","embeddable":true,"href":"https:\/\/obchudekuanny.cz\/index.php?rest_route=%2Fwp%2Fv2%2Fproduct_brand&post=392"},{"taxonomy":"product_cat","embeddable":true,"href":"https:\/\/obchudekuanny.cz\/index.php?rest_route=%2Fwp%2Fv2%2Fproduct_cat&post=392"},{"taxonomy":"product_tag","embeddable":true,"href":"https:\/\/obchudekuanny.cz\/index.php?rest_route=%2Fwp%2Fv2%2Fproduct_tag&post=392"}],"curies":[{"name":"wp","href":"https:\/\/api.w.org\/{rel}","templated":true}]}}