{"id":3733,"date":"2025-09-10T21:08:54","date_gmt":"2025-09-10T19:08:54","guid":{"rendered":"https:\/\/obchudekuanny.cz\/?post_type=product&#038;p=3733"},"modified":"2026-04-12T16:49:07","modified_gmt":"2026-04-12T14:49:07","slug":"pyzamo-stavebni-stroje-hnede-gudo","status":"publish","type":"product","link":"https:\/\/obchudekuanny.cz\/?product=pyzamo-stavebni-stroje-hnede-gudo","title":{"rendered":"Py\u017eamo stavebn\u00ed stroje hn\u011bd\u00e9 GUDO"},"content":{"rendered":"","protected":false},"excerpt":{"rendered":"<ul>\n<li>Bavln\u011bn\u00e9 py\u017eamko u\u0161it\u00e9 \u010cESKOU firmou GUDO.<\/li>\n<li>Material 98% bavlna a 2%elastan.<\/li>\n<li>Doporu\u010dujeme pr\u00e1t na 30\u00b0C<\/li>\n<li>N\u00e1plety na no\u017ei\u010dk\u00e1ch a ru\u010di\u010dk\u00e1ch.<\/li>\n<li>D\u011bti\u010dk\u00e1m tedy kr\u00e1sn\u011b sed\u00ed a snesou v\u011bts\u00ed velikost.<\/li>\n<li>V pase gumi\u010dka.<\/li>\n<li>Kr\u00e1sn\u011b dr\u017e\u00ed tvar i barvu.<\/li>\n<li>U\u0160ITO V \u010cESKU.<\/li>\n<\/ul>\n","protected":false},"featured_media":3777,"comment_status":"open","ping_status":"closed","template":"","meta":[],"product_brand":[],"product_cat":[43,64],"product_tag":[],"class_list":{"0":"post-3733","1":"product","2":"type-product","3":"status-publish","4":"has-post-thumbnail","6":"product_cat-chlapecke-obleceni","7":"product_cat-pyzama","9":"first","10":"instock","11":"taxable","12":"shipping-taxable","13":"purchasable","14":"product-type-variable"},"_links":{"self":[{"href":"https:\/\/obchudekuanny.cz\/index.php?rest_route=\/wp\/v2\/product\/3733","targetHints":{"allow":["GET"]}}],"collection":[{"href":"https:\/\/obchudekuanny.cz\/index.php?rest_route=\/wp\/v2\/product"}],"about":[{"href":"https:\/\/obchudekuanny.cz\/index.php?rest_route=\/wp\/v2\/types\/product"}],"replies":[{"embeddable":true,"href":"https:\/\/obchudekuanny.cz\/index.php?rest_route=%2Fwp%2Fv2%2Fcomments&post=3733"}],"wp:featuredmedia":[{"embeddable":true,"href":"https:\/\/obchudekuanny.cz\/index.php?rest_route=\/wp\/v2\/media\/3777"}],"wp:attachment":[{"href":"https:\/\/obchudekuanny.cz\/index.php?rest_route=%2Fwp%2Fv2%2Fmedia&parent=3733"}],"wp:term":[{"taxonomy":"product_brand","embeddable":true,"href":"https:\/\/obchudekuanny.cz\/index.php?rest_route=%2Fwp%2Fv2%2Fproduct_brand&post=3733"},{"taxonomy":"product_cat","embeddable":true,"href":"https:\/\/obchudekuanny.cz\/index.php?rest_route=%2Fwp%2Fv2%2Fproduct_cat&post=3733"},{"taxonomy":"product_tag","embeddable":true,"href":"https:\/\/obchudekuanny.cz\/index.php?rest_route=%2Fwp%2Fv2%2Fproduct_tag&post=3733"}],"curies":[{"name":"wp","href":"https:\/\/api.w.org\/{rel}","templated":true}]}}