{"id":362,"date":"2023-01-08T08:58:20","date_gmt":"2023-01-08T07:58:20","guid":{"rendered":"http:\/\/obchudekuanny.cz\/?post_type=product&#038;p=362"},"modified":"2025-11-16T11:43:11","modified_gmt":"2025-11-16T10:43:11","slug":"softshellove-kalhoty-sedo-ruzove-gudo","status":"publish","type":"product","link":"https:\/\/obchudekuanny.cz\/?product=softshellove-kalhoty-sedo-ruzove-gudo","title":{"rendered":"Softshellov\u00e9 kalhoty \u0161edo\/ru\u017eov\u00e9 GUDO"},"content":{"rendered":"","protected":false},"excerpt":{"rendered":"<ul>\n<li>Softshellov\u00e9 kalhoty 10 000 mm a 3 000 g\/m2\/24 hod<\/li>\n<li>h\u0159ejiv\u00fd material pod\u0161it\u00fd fleecem<\/li>\n<li>Skv\u011ble se hod\u00ed do podzimn\u00edch i jarn\u00edch sychrav\u00edch dn\u00ed<\/li>\n<li>Vyv\u00fd\u0161en\u00fd pas<\/li>\n<li>Kapsy do kter\u00fdch se vejde spoustu v\u011bc\u00ed<\/li>\n<li>KOLEKCE\u00a0<strong>2022<\/strong><\/li>\n<\/ul>\n","protected":false},"featured_media":2459,"comment_status":"open","ping_status":"closed","template":"","meta":[],"product_brand":[],"product_cat":[72],"product_tag":[59,60],"class_list":{"0":"post-362","1":"product","2":"type-product","3":"status-publish","4":"has-post-thumbnail","6":"product_cat-softshellove-kalhoty","7":"product_tag-gudo","8":"product_tag-softshellove-kalhoty","10":"first","11":"instock","12":"taxable","13":"shipping-taxable","14":"purchasable","15":"product-type-variable"},"_links":{"self":[{"href":"https:\/\/obchudekuanny.cz\/index.php?rest_route=\/wp\/v2\/product\/362","targetHints":{"allow":["GET"]}}],"collection":[{"href":"https:\/\/obchudekuanny.cz\/index.php?rest_route=\/wp\/v2\/product"}],"about":[{"href":"https:\/\/obchudekuanny.cz\/index.php?rest_route=\/wp\/v2\/types\/product"}],"replies":[{"embeddable":true,"href":"https:\/\/obchudekuanny.cz\/index.php?rest_route=%2Fwp%2Fv2%2Fcomments&post=362"}],"wp:featuredmedia":[{"embeddable":true,"href":"https:\/\/obchudekuanny.cz\/index.php?rest_route=\/wp\/v2\/media\/2459"}],"wp:attachment":[{"href":"https:\/\/obchudekuanny.cz\/index.php?rest_route=%2Fwp%2Fv2%2Fmedia&parent=362"}],"wp:term":[{"taxonomy":"product_brand","embeddable":true,"href":"https:\/\/obchudekuanny.cz\/index.php?rest_route=%2Fwp%2Fv2%2Fproduct_brand&post=362"},{"taxonomy":"product_cat","embeddable":true,"href":"https:\/\/obchudekuanny.cz\/index.php?rest_route=%2Fwp%2Fv2%2Fproduct_cat&post=362"},{"taxonomy":"product_tag","embeddable":true,"href":"https:\/\/obchudekuanny.cz\/index.php?rest_route=%2Fwp%2Fv2%2Fproduct_tag&post=362"}],"curies":[{"name":"wp","href":"https:\/\/api.w.org\/{rel}","templated":true}]}}