{"id":355,"date":"2023-01-08T08:46:35","date_gmt":"2023-01-08T07:46:35","guid":{"rendered":"http:\/\/obchudekuanny.cz\/?post_type=product&#038;p=355"},"modified":"2025-03-10T19:11:43","modified_gmt":"2025-03-10T18:11:43","slug":"sedo-hnede-softshellove-kalhoty-gudo","status":"publish","type":"product","link":"https:\/\/obchudekuanny.cz\/?product=sedo-hnede-softshellove-kalhoty-gudo","title":{"rendered":"\u0160edo\/hn\u011bd\u00e9 softshellov\u00e9 kalhoty GUDO"},"content":{"rendered":"","protected":false},"excerpt":{"rendered":"<ul>\n<li>Softshellov\u00e9 kalhoty 10 000 mm a 3 000 g\/m2\/24 hod<\/li>\n<li>H\u0159ejiv\u00fd material pod\u0161it\u00fd fleecem.<\/li>\n<li>Skv\u011ble se hod\u00ed do podzimn\u00edch i jarn\u00edch sychrav\u00edch dn\u00ed.<\/li>\n<li>Vyv\u00fd\u0161en\u00fd pas.<\/li>\n<li>Kapsy do kter\u00fdch se vejde spoustu v\u011bc\u00ed.<\/li>\n<li>Rostouc\u00ed vydr\u017e\u00ed 2-3 velikosti.<\/li>\n<li>KOLEKCE\u00a0<strong>2022<\/strong><\/li>\n<\/ul>\n","protected":false},"featured_media":2515,"comment_status":"open","ping_status":"closed","template":"","meta":[],"product_brand":[],"product_cat":[45],"product_tag":[101,59,195,196,60],"class_list":{"0":"post-355","1":"product","2":"type-product","3":"status-publish","4":"has-post-thumbnail","6":"product_cat-softshellove-kalhoty-podsite-fleecem","7":"product_tag-fleec","8":"product_tag-gudo","9":"product_tag-jaro","10":"product_tag-podzim","11":"product_tag-softshellove-kalhoty","13":"first","14":"instock","15":"taxable","16":"shipping-taxable","17":"purchasable","18":"product-type-variable"},"_links":{"self":[{"href":"https:\/\/obchudekuanny.cz\/index.php?rest_route=\/wp\/v2\/product\/355","targetHints":{"allow":["GET"]}}],"collection":[{"href":"https:\/\/obchudekuanny.cz\/index.php?rest_route=\/wp\/v2\/product"}],"about":[{"href":"https:\/\/obchudekuanny.cz\/index.php?rest_route=\/wp\/v2\/types\/product"}],"replies":[{"embeddable":true,"href":"https:\/\/obchudekuanny.cz\/index.php?rest_route=%2Fwp%2Fv2%2Fcomments&post=355"}],"wp:featuredmedia":[{"embeddable":true,"href":"https:\/\/obchudekuanny.cz\/index.php?rest_route=\/wp\/v2\/media\/2515"}],"wp:attachment":[{"href":"https:\/\/obchudekuanny.cz\/index.php?rest_route=%2Fwp%2Fv2%2Fmedia&parent=355"}],"wp:term":[{"taxonomy":"product_brand","embeddable":true,"href":"https:\/\/obchudekuanny.cz\/index.php?rest_route=%2Fwp%2Fv2%2Fproduct_brand&post=355"},{"taxonomy":"product_cat","embeddable":true,"href":"https:\/\/obchudekuanny.cz\/index.php?rest_route=%2Fwp%2Fv2%2Fproduct_cat&post=355"},{"taxonomy":"product_tag","embeddable":true,"href":"https:\/\/obchudekuanny.cz\/index.php?rest_route=%2Fwp%2Fv2%2Fproduct_tag&post=355"}],"curies":[{"name":"wp","href":"https:\/\/api.w.org\/{rel}","templated":true}]}}