{"id":3506,"date":"2023-09-09T12:31:17","date_gmt":"2023-09-09T10:31:17","guid":{"rendered":"https:\/\/obchudekuanny.cz\/?post_type=product&#038;p=3506"},"modified":"2025-10-06T15:20:09","modified_gmt":"2025-10-06T13:20:09","slug":"softshellova-bunda-gudo-maskac-2","status":"publish","type":"product","link":"https:\/\/obchudekuanny.cz\/?product=softshellova-bunda-gudo-maskac-2","title":{"rendered":"Softshellov\u00e1 bunda GUDO mask\u00e1\u010d 2"},"content":{"rendered":"","protected":false},"excerpt":{"rendered":"<ul>\n<li>Softshellov\u00e1 bunda 10 000 mm a 3 000 g\/m2\/24 hod.<\/li>\n<li>H\u0159ejiv\u00fd material pod\u0161it\u00fd fleecem.<\/li>\n<li>Skv\u011ble se hod\u00ed do podzimn\u00edch i jarn\u00edch sychrav\u00edch dn\u00ed.<\/li>\n<li>Lemy na ruk\u00e1vech obepnou ru\u010di\u010dku a ruk\u00e1vy nepadaj\u00ed.<\/li>\n<li>Kr\u00e1sn\u011b velik\u00e9 kapsy.<\/li>\n<li>KOLEKCE\u00a0<strong>2023<\/strong><\/li>\n<li>N\u00e1\u0161 velk\u00fd model m\u00e1 na sob\u011b velikost 152<\/li>\n<li>\u010cepi\u010dka do setu v sekci \u010cEPICE<\/li>\n<li>U objednan\u00fdch v\u011bc\u00ed je doba dod\u00e1n\u00ed 10 dn\u00ed<\/li>\n<\/ul>\n","protected":false},"featured_media":3507,"comment_status":"open","ping_status":"closed","template":"","meta":[],"product_brand":[],"product_cat":[43,95],"product_tag":[232,84,101,59,123,274,115,231,65],"class_list":{"0":"post-3506","1":"product","2":"type-product","3":"status-publish","4":"has-post-thumbnail","6":"product_cat-chlapecke-obleceni","7":"product_cat-softshellove-bundy","8":"product_tag-bunda","9":"product_tag-cerna","10":"product_tag-fleec","11":"product_tag-gudo","12":"product_tag-kluk","13":"product_tag-maskac","14":"product_tag-seda","15":"product_tag-softshell","16":"product_tag-softshellova-bunda","18":"first","19":"instock","20":"taxable","21":"shipping-taxable","22":"purchasable","23":"product-type-variable"},"_links":{"self":[{"href":"https:\/\/obchudekuanny.cz\/index.php?rest_route=\/wp\/v2\/product\/3506","targetHints":{"allow":["GET"]}}],"collection":[{"href":"https:\/\/obchudekuanny.cz\/index.php?rest_route=\/wp\/v2\/product"}],"about":[{"href":"https:\/\/obchudekuanny.cz\/index.php?rest_route=\/wp\/v2\/types\/product"}],"replies":[{"embeddable":true,"href":"https:\/\/obchudekuanny.cz\/index.php?rest_route=%2Fwp%2Fv2%2Fcomments&post=3506"}],"wp:featuredmedia":[{"embeddable":true,"href":"https:\/\/obchudekuanny.cz\/index.php?rest_route=\/wp\/v2\/media\/3507"}],"wp:attachment":[{"href":"https:\/\/obchudekuanny.cz\/index.php?rest_route=%2Fwp%2Fv2%2Fmedia&parent=3506"}],"wp:term":[{"taxonomy":"product_brand","embeddable":true,"href":"https:\/\/obchudekuanny.cz\/index.php?rest_route=%2Fwp%2Fv2%2Fproduct_brand&post=3506"},{"taxonomy":"product_cat","embeddable":true,"href":"https:\/\/obchudekuanny.cz\/index.php?rest_route=%2Fwp%2Fv2%2Fproduct_cat&post=3506"},{"taxonomy":"product_tag","embeddable":true,"href":"https:\/\/obchudekuanny.cz\/index.php?rest_route=%2Fwp%2Fv2%2Fproduct_tag&post=3506"}],"curies":[{"name":"wp","href":"https:\/\/api.w.org\/{rel}","templated":true}]}}