{"id":3461,"date":"2023-08-31T20:34:07","date_gmt":"2023-08-31T18:34:07","guid":{"rendered":"https:\/\/obchudekuanny.cz\/?post_type=product&#038;p=3461"},"modified":"2025-09-27T21:40:13","modified_gmt":"2025-09-27T19:40:13","slug":"softshellovy-komplet-gudo-zviratka-2","status":"publish","type":"product","link":"https:\/\/obchudekuanny.cz\/?product=softshellovy-komplet-gudo-zviratka-2","title":{"rendered":"Softshellov\u00fd komplet GUDO zv\u00ed\u0159\u00e1tka 2"},"content":{"rendered":"","protected":false},"excerpt":{"rendered":"<ul>\n<li>Softshellov\u00fd komplet 10 000 mm a 3 000 g\/m2\/24 hod<\/li>\n<li>h\u0159ejiv\u00fd material pod\u0161it\u00fd fleecem<\/li>\n<li>Skv\u011ble se hod\u00ed do podzimn\u00edch i jarn\u00edch sychrav\u00edch dn\u00ed<\/li>\n<li>Vyv\u00fd\u0161en\u00fd pas u kalhot<\/li>\n<li>Velk\u00e9 kapsy do kter\u00fdch se vejde spoustu v\u011bc\u00ed<\/li>\n<li>KOLEKCE\u00a0<strong>2023\/2024<\/strong><\/li>\n<li>U kompletu na objedn\u00e1vku,kter\u00fd nem\u00e1me skladem je dod\u00e1n\u00ed do 10 dn\u016f<\/li>\n<\/ul>\n","protected":false},"featured_media":3462,"comment_status":"open","ping_status":"closed","template":"","meta":[],"product_brand":[],"product_cat":[42,61],"product_tag":[171,101,59,233,276,65,60,144],"class_list":{"0":"post-3461","1":"product","2":"type-product","3":"status-publish","4":"has-post-thumbnail","6":"product_cat-divci-obleceni","7":"product_cat-softshellove-bundy-podsite-fleecem","8":"product_tag-bile","9":"product_tag-fleec","10":"product_tag-gudo","11":"product_tag-hneda","12":"product_tag-sof","13":"product_tag-softshellova-bunda","14":"product_tag-softshellove-kalhoty","15":"product_tag-zviratka","17":"first","18":"onbackorder","19":"taxable","20":"shipping-taxable","21":"purchasable","22":"product-type-variable"},"_links":{"self":[{"href":"https:\/\/obchudekuanny.cz\/index.php?rest_route=\/wp\/v2\/product\/3461","targetHints":{"allow":["GET"]}}],"collection":[{"href":"https:\/\/obchudekuanny.cz\/index.php?rest_route=\/wp\/v2\/product"}],"about":[{"href":"https:\/\/obchudekuanny.cz\/index.php?rest_route=\/wp\/v2\/types\/product"}],"replies":[{"embeddable":true,"href":"https:\/\/obchudekuanny.cz\/index.php?rest_route=%2Fwp%2Fv2%2Fcomments&post=3461"}],"wp:featuredmedia":[{"embeddable":true,"href":"https:\/\/obchudekuanny.cz\/index.php?rest_route=\/wp\/v2\/media\/3462"}],"wp:attachment":[{"href":"https:\/\/obchudekuanny.cz\/index.php?rest_route=%2Fwp%2Fv2%2Fmedia&parent=3461"}],"wp:term":[{"taxonomy":"product_brand","embeddable":true,"href":"https:\/\/obchudekuanny.cz\/index.php?rest_route=%2Fwp%2Fv2%2Fproduct_brand&post=3461"},{"taxonomy":"product_cat","embeddable":true,"href":"https:\/\/obchudekuanny.cz\/index.php?rest_route=%2Fwp%2Fv2%2Fproduct_cat&post=3461"},{"taxonomy":"product_tag","embeddable":true,"href":"https:\/\/obchudekuanny.cz\/index.php?rest_route=%2Fwp%2Fv2%2Fproduct_tag&post=3461"}],"curies":[{"name":"wp","href":"https:\/\/api.w.org\/{rel}","templated":true}]}}