{"id":3314,"date":"2023-06-25T07:35:02","date_gmt":"2023-06-25T05:35:02","guid":{"rendered":"https:\/\/obchudekuanny.cz\/?post_type=product&#038;p=3314"},"modified":"2026-03-02T13:39:16","modified_gmt":"2026-03-02T12:39:16","slug":"zazehlovaci-jmenovky-do-skolky","status":"publish","type":"product","link":"https:\/\/obchudekuanny.cz\/?product=zazehlovaci-jmenovky-do-skolky","title":{"rendered":"Za\u017eehlovac\u00ed jmenovky do \u0161kolky 15 KUS\u016e"},"content":{"rendered":"","protected":false},"excerpt":{"rendered":"<ul>\n<li>U\u017easn\u00e9 za\u017eehlovac\u00ed jmenovky do \u0161kolky\/\u0161koly.<\/li>\n<li>Sada obsahuje 15 kus\u016f.<\/li>\n<li>Grafick\u00fd navrh na m\u00edru.<\/li>\n<li>Jednoduch\u00e1 aplikace kterou zvl\u00e1dne opravdu ka\u017ed\u00fd.<\/li>\n<li>Do pozn\u00e1mky v ko\u0161\u00edku\u00a0 pros\u00edm napsat barvu,obr\u00e1zek a jm\u00e9no va\u0161eho mil\u00e1\u010dka<\/li>\n<\/ul>\n","protected":false},"featured_media":3313,"comment_status":"open","ping_status":"closed","template":"","meta":[],"product_brand":[],"product_cat":[43,42,265,266],"product_tag":[268,267,270,269],"class_list":{"0":"post-3314","1":"product","2":"type-product","3":"status-publish","4":"has-post-thumbnail","6":"product_cat-chlapecke-obleceni","7":"product_cat-divci-obleceni","8":"product_cat-zazehlovaci-jmenovky-do-skolky","9":"product_cat-zazehlovaci-jmenovky-do-skolky-divci-obleceni","10":"product_tag-jmeno","11":"product_tag-nazehlovaci-cedulky","12":"product_tag-obrazek","13":"product_tag-skolka","15":"first","16":"onbackorder","17":"taxable","18":"shipping-taxable","19":"purchasable","20":"product-type-simple"},"_links":{"self":[{"href":"https:\/\/obchudekuanny.cz\/index.php?rest_route=\/wp\/v2\/product\/3314","targetHints":{"allow":["GET"]}}],"collection":[{"href":"https:\/\/obchudekuanny.cz\/index.php?rest_route=\/wp\/v2\/product"}],"about":[{"href":"https:\/\/obchudekuanny.cz\/index.php?rest_route=\/wp\/v2\/types\/product"}],"replies":[{"embeddable":true,"href":"https:\/\/obchudekuanny.cz\/index.php?rest_route=%2Fwp%2Fv2%2Fcomments&post=3314"}],"wp:featuredmedia":[{"embeddable":true,"href":"https:\/\/obchudekuanny.cz\/index.php?rest_route=\/wp\/v2\/media\/3313"}],"wp:attachment":[{"href":"https:\/\/obchudekuanny.cz\/index.php?rest_route=%2Fwp%2Fv2%2Fmedia&parent=3314"}],"wp:term":[{"taxonomy":"product_brand","embeddable":true,"href":"https:\/\/obchudekuanny.cz\/index.php?rest_route=%2Fwp%2Fv2%2Fproduct_brand&post=3314"},{"taxonomy":"product_cat","embeddable":true,"href":"https:\/\/obchudekuanny.cz\/index.php?rest_route=%2Fwp%2Fv2%2Fproduct_cat&post=3314"},{"taxonomy":"product_tag","embeddable":true,"href":"https:\/\/obchudekuanny.cz\/index.php?rest_route=%2Fwp%2Fv2%2Fproduct_tag&post=3314"}],"curies":[{"name":"wp","href":"https:\/\/api.w.org\/{rel}","templated":true}]}}