{"id":3305,"date":"2023-06-24T16:03:54","date_gmt":"2023-06-24T14:03:54","guid":{"rendered":"https:\/\/obchudekuanny.cz\/?post_type=product&#038;p=3305"},"modified":"2023-06-24T16:06:16","modified_gmt":"2023-06-24T14:06:16","slug":"sukne-kvety-gudo","status":"publish","type":"product","link":"https:\/\/obchudekuanny.cz\/?product=sukne-kvety-gudo","title":{"rendered":"Sukn\u011b kv\u011bty GUDO"},"content":{"rendered":"","protected":false},"excerpt":{"rendered":"<ul>\n<li>D\u00edv\u010d\u00ed suk\u00fdnka \u010desk\u00e9 zna\u010dky GUDO.<\/li>\n<li>Material 98% bavlna a 2% elastan.<\/li>\n<li>V pase lem a ma\u0161li\u010dka.<\/li>\n<li>DOPORU\u010cEN\u00c9 pran\u00ed na 30\u00b0.<\/li>\n<li>Jsou pru\u017en\u00e9 doporu\u010dujeme br\u00e1t o velikost men\u0161\u00ed.<\/li>\n<\/ul>\n","protected":false},"featured_media":3302,"comment_status":"open","ping_status":"closed","template":"","meta":[],"product_brand":[],"product_cat":[42,77],"product_tag":[171,78,59,187,152,255],"class_list":{"0":"post-3305","1":"product","2":"type-product","3":"status-publish","4":"has-post-thumbnail","6":"product_cat-divci-obleceni","7":"product_cat-saty-sukynky","8":"product_tag-bile","9":"product_tag-divci","10":"product_tag-gudo","11":"product_tag-kvety","12":"product_tag-modra","13":"product_tag-sukne","15":"first","16":"instock","17":"taxable","18":"shipping-taxable","19":"purchasable","20":"product-type-variable"},"_links":{"self":[{"href":"https:\/\/obchudekuanny.cz\/index.php?rest_route=\/wp\/v2\/product\/3305","targetHints":{"allow":["GET"]}}],"collection":[{"href":"https:\/\/obchudekuanny.cz\/index.php?rest_route=\/wp\/v2\/product"}],"about":[{"href":"https:\/\/obchudekuanny.cz\/index.php?rest_route=\/wp\/v2\/types\/product"}],"replies":[{"embeddable":true,"href":"https:\/\/obchudekuanny.cz\/index.php?rest_route=%2Fwp%2Fv2%2Fcomments&post=3305"}],"wp:featuredmedia":[{"embeddable":true,"href":"https:\/\/obchudekuanny.cz\/index.php?rest_route=\/wp\/v2\/media\/3302"}],"wp:attachment":[{"href":"https:\/\/obchudekuanny.cz\/index.php?rest_route=%2Fwp%2Fv2%2Fmedia&parent=3305"}],"wp:term":[{"taxonomy":"product_brand","embeddable":true,"href":"https:\/\/obchudekuanny.cz\/index.php?rest_route=%2Fwp%2Fv2%2Fproduct_brand&post=3305"},{"taxonomy":"product_cat","embeddable":true,"href":"https:\/\/obchudekuanny.cz\/index.php?rest_route=%2Fwp%2Fv2%2Fproduct_cat&post=3305"},{"taxonomy":"product_tag","embeddable":true,"href":"https:\/\/obchudekuanny.cz\/index.php?rest_route=%2Fwp%2Fv2%2Fproduct_tag&post=3305"}],"curies":[{"name":"wp","href":"https:\/\/api.w.org\/{rel}","templated":true}]}}