{"id":330,"date":"2023-01-07T18:24:28","date_gmt":"2023-01-07T17:24:28","guid":{"rendered":"http:\/\/obchudekuanny.cz\/?post_type=product&#038;p=330"},"modified":"2023-11-12T12:38:49","modified_gmt":"2023-11-12T11:38:49","slug":"detske-softshellove-rukavice-fantom-s-koziskem-zimni-fialove","status":"publish","type":"product","link":"https:\/\/obchudekuanny.cz\/?product=detske-softshellove-rukavice-fantom-s-koziskem-zimni-fialove","title":{"rendered":"D\u011btsk\u00e9 softshellov\u00e9 rukavice FANTOM s ko\u017e\u00ed\u0161kem zimn\u00ed fialov\u00e9"},"content":{"rendered":"","protected":false},"excerpt":{"rendered":"<h4>TABULKA VELIKOST\u00cd<\/h4>\n<ul>\n<li>Velikost 1<strong>\u00a0 \u00a0<\/strong>D\u00e9lka od z\u00e1p\u011bst\u00ed ke konci prost\u0159edn\u00ed\u010dku 9,5cm a celkov\u00e1 d\u00e9lka 16cm<\/li>\n<li>Velikost 2\u00a0 \u00a0D\u00e9lka od z\u00e1p\u011bst\u00ed ke konci prost\u0159edn\u00ed\u010dku 11,5cm a celkov\u00e1 d\u00e9lka 17cm<\/li>\n<li>Velikost 3\u00a0 \u00a0D\u00e9lka od z\u00e1p\u011bst\u00ed ke konci prost\u0159edn\u00ed\u010dku\u00a0 12,5cm a celkov\u00e1 d\u00e9lka 19cm<\/li>\n<li>Velikost 4\u00a0 \u00a0D\u00e9lka od z\u00e1p\u011bst\u00ed ke konci prost\u0159edn\u00ed\u010dku 14cm a celkov\u00e1 d\u00e9lka 22cm<\/li>\n<li>Velikost 5\u00a0 \u00a0D\u00e9lka od z\u00e1p\u011bst\u00ed ke konci prost\u0159edn\u00ed\u010dku 15,5cm a celkov\u00e1 d\u00e9lka 24cm<\/li>\n<\/ul>\n<p style=\"text-align: left;\">Dle na\u0161ich zku\u0161enost\u00ed nos\u00ed rukavi\u010dky velikost 1 d\u011bti\u010dky ve velikostech 80-92, velikost 2 d\u011bti\u010dky velikosti 98-110 , velikost 3 d\u011bti\u010dky velikosti 116-122 ,velikost 4 d\u011bti\u010dky velikosti 128-146 a velikost 5 d\u011bti velikosti 152-164 a obl\u00e9knou i dosp\u011bl\u00e9 \u017eeny s men\u0161\u00ed rukou:-) . Samoz\u0159ejm\u011b je ale lep\u0161\u00ed zm\u011b\u0159it pokud si nejste jist\u00ed.<\/p>\n<h4>SLO\u017dEN\u00cd MATERI\u00c1LU<\/h4>\n<ul>\n<li>slo\u017een\u00ed \u2013 sendvi\u010dov\u00e1 textilie<\/li>\n<li>\u00faprava materi\u00e1lu \u2013 membr\u00e1na TPU<\/li>\n<li>rub \u2013 100% polyester=microfleece<\/li>\n<li>l\u00edc \u2013 hladk\u00fd povrch<\/li>\n<li>gram\u00e1\u017e \u2013 308g\/m2<\/li>\n<li>vodn\u00ed sloupec \u2013 10 000mm H2O<\/li>\n<li>prody\u0161nost \u2013 3 000g\/m2\/24hod<\/li>\n<li>aviv\u00e1\u017e \u2013 nepou\u017e\u00edvat<\/li>\n<li>pran\u00ed \u2013 30\u00b0C<\/li>\n<\/ul>\n","protected":false},"featured_media":331,"comment_status":"open","ping_status":"closed","template":"","meta":[],"product_brand":[],"product_cat":[97],"product_tag":[103,219,100,230,104],"class_list":{"0":"post-330","1":"product","2":"type-product","3":"status-publish","4":"has-post-thumbnail","6":"product_cat-rukavice","7":"product_tag-fantom","8":"product_tag-fialove","9":"product_tag-rukavice","10":"product_tag-s-koziskem","11":"product_tag-zimni","13":"first","14":"instock","15":"taxable","16":"shipping-taxable","17":"purchasable","18":"product-type-variable"},"_links":{"self":[{"href":"https:\/\/obchudekuanny.cz\/index.php?rest_route=\/wp\/v2\/product\/330","targetHints":{"allow":["GET"]}}],"collection":[{"href":"https:\/\/obchudekuanny.cz\/index.php?rest_route=\/wp\/v2\/product"}],"about":[{"href":"https:\/\/obchudekuanny.cz\/index.php?rest_route=\/wp\/v2\/types\/product"}],"replies":[{"embeddable":true,"href":"https:\/\/obchudekuanny.cz\/index.php?rest_route=%2Fwp%2Fv2%2Fcomments&post=330"}],"wp:featuredmedia":[{"embeddable":true,"href":"https:\/\/obchudekuanny.cz\/index.php?rest_route=\/wp\/v2\/media\/331"}],"wp:attachment":[{"href":"https:\/\/obchudekuanny.cz\/index.php?rest_route=%2Fwp%2Fv2%2Fmedia&parent=330"}],"wp:term":[{"taxonomy":"product_brand","embeddable":true,"href":"https:\/\/obchudekuanny.cz\/index.php?rest_route=%2Fwp%2Fv2%2Fproduct_brand&post=330"},{"taxonomy":"product_cat","embeddable":true,"href":"https:\/\/obchudekuanny.cz\/index.php?rest_route=%2Fwp%2Fv2%2Fproduct_cat&post=330"},{"taxonomy":"product_tag","embeddable":true,"href":"https:\/\/obchudekuanny.cz\/index.php?rest_route=%2Fwp%2Fv2%2Fproduct_tag&post=330"}],"curies":[{"name":"wp","href":"https:\/\/api.w.org\/{rel}","templated":true}]}}