{"id":3293,"date":"2023-06-24T15:53:51","date_gmt":"2023-06-24T13:53:51","guid":{"rendered":"https:\/\/obchudekuanny.cz\/?post_type=product&#038;p=3293"},"modified":"2023-06-24T15:57:05","modified_gmt":"2023-06-24T13:57:05","slug":"sukne-kvety-motyl-gudo","status":"publish","type":"product","link":"https:\/\/obchudekuanny.cz\/?product=sukne-kvety-motyl-gudo","title":{"rendered":"Sukn\u011b kv\u011bty mot\u00fdl GUDO"},"content":{"rendered":"","protected":false},"excerpt":{"rendered":"<ul>\n<li>D\u00edv\u010d\u00ed suk\u00fdnka \u010desk\u00e9 zna\u010dky GUDO.<\/li>\n<li>Material 98% bavlna a 2% elastan.<\/li>\n<li>V pase lem a ma\u0161li\u010dka.<\/li>\n<li>DOPORU\u010cEN\u00c9 pran\u00ed na 30\u00b0.<\/li>\n<li>Jsou pru\u017en\u00e9 doporu\u010dujeme br\u00e1t o velikost men\u0161\u00ed.<\/li>\n<\/ul>\n","protected":false},"featured_media":3292,"comment_status":"open","ping_status":"closed","template":"","meta":[],"product_brand":[],"product_cat":[42,77],"product_tag":[78,59,187,93,138,255],"class_list":{"0":"post-3293","1":"product","2":"type-product","3":"status-publish","4":"has-post-thumbnail","6":"product_cat-divci-obleceni","7":"product_cat-saty-sukynky","8":"product_tag-divci","9":"product_tag-gudo","10":"product_tag-kvety","11":"product_tag-motyl","12":"product_tag-ruzova","13":"product_tag-sukne","15":"first","16":"instock","17":"taxable","18":"shipping-taxable","19":"purchasable","20":"product-type-variable"},"_links":{"self":[{"href":"https:\/\/obchudekuanny.cz\/index.php?rest_route=\/wp\/v2\/product\/3293","targetHints":{"allow":["GET"]}}],"collection":[{"href":"https:\/\/obchudekuanny.cz\/index.php?rest_route=\/wp\/v2\/product"}],"about":[{"href":"https:\/\/obchudekuanny.cz\/index.php?rest_route=\/wp\/v2\/types\/product"}],"replies":[{"embeddable":true,"href":"https:\/\/obchudekuanny.cz\/index.php?rest_route=%2Fwp%2Fv2%2Fcomments&post=3293"}],"wp:featuredmedia":[{"embeddable":true,"href":"https:\/\/obchudekuanny.cz\/index.php?rest_route=\/wp\/v2\/media\/3292"}],"wp:attachment":[{"href":"https:\/\/obchudekuanny.cz\/index.php?rest_route=%2Fwp%2Fv2%2Fmedia&parent=3293"}],"wp:term":[{"taxonomy":"product_brand","embeddable":true,"href":"https:\/\/obchudekuanny.cz\/index.php?rest_route=%2Fwp%2Fv2%2Fproduct_brand&post=3293"},{"taxonomy":"product_cat","embeddable":true,"href":"https:\/\/obchudekuanny.cz\/index.php?rest_route=%2Fwp%2Fv2%2Fproduct_cat&post=3293"},{"taxonomy":"product_tag","embeddable":true,"href":"https:\/\/obchudekuanny.cz\/index.php?rest_route=%2Fwp%2Fv2%2Fproduct_tag&post=3293"}],"curies":[{"name":"wp","href":"https:\/\/api.w.org\/{rel}","templated":true}]}}