{"id":3282,"date":"2023-06-24T12:51:08","date_gmt":"2023-06-24T10:51:08","guid":{"rendered":"https:\/\/obchudekuanny.cz\/?post_type=product&#038;p=3282"},"modified":"2023-12-13T23:46:44","modified_gmt":"2023-12-13T22:46:44","slug":"crop-top-motyl-duha-gudo","status":"publish","type":"product","link":"https:\/\/obchudekuanny.cz\/?product=crop-top-motyl-duha-gudo","title":{"rendered":"Crop top mot\u00fdl duha GUDO"},"content":{"rendered":"","protected":false},"excerpt":{"rendered":"<ul>\n<li>D\u00edv\u010d\u00ed crop top \u010desk\u00e9 zna\u010dky GUDO.<\/li>\n<li>Material 98% bavlna a 2% elastan.<\/li>\n<li>DOPORU\u010cEN\u00c9 pran\u00ed na 30\u00b0.<\/li>\n<li>Kr\u00e1sn\u011b dr\u017e\u00ed tvar i barvy.<\/li>\n<li>Mo\u017en\u00e9 dokoupit i v setu s \u010delenkou + 129,-<\/li>\n<\/ul>\n","protected":false},"featured_media":3288,"comment_status":"open","ping_status":"closed","template":"","meta":[],"product_brand":[],"product_cat":[42,58],"product_tag":[262,263,68,59,93,80],"class_list":{"0":"post-3282","1":"product","2":"type-product","3":"status-publish","4":"has-post-thumbnail","6":"product_cat-divci-obleceni","7":"product_cat-tricka-kratky-dlouhy-rukav-crop-topy","8":"product_tag-crop-top","9":"product_tag-detske","10":"product_tag-duha","11":"product_tag-gudo","12":"product_tag-motyl","13":"product_tag-tricko","15":"first","16":"instock","17":"taxable","18":"shipping-taxable","19":"purchasable","20":"product-type-variable"},"_links":{"self":[{"href":"https:\/\/obchudekuanny.cz\/index.php?rest_route=\/wp\/v2\/product\/3282","targetHints":{"allow":["GET"]}}],"collection":[{"href":"https:\/\/obchudekuanny.cz\/index.php?rest_route=\/wp\/v2\/product"}],"about":[{"href":"https:\/\/obchudekuanny.cz\/index.php?rest_route=\/wp\/v2\/types\/product"}],"replies":[{"embeddable":true,"href":"https:\/\/obchudekuanny.cz\/index.php?rest_route=%2Fwp%2Fv2%2Fcomments&post=3282"}],"wp:featuredmedia":[{"embeddable":true,"href":"https:\/\/obchudekuanny.cz\/index.php?rest_route=\/wp\/v2\/media\/3288"}],"wp:attachment":[{"href":"https:\/\/obchudekuanny.cz\/index.php?rest_route=%2Fwp%2Fv2%2Fmedia&parent=3282"}],"wp:term":[{"taxonomy":"product_brand","embeddable":true,"href":"https:\/\/obchudekuanny.cz\/index.php?rest_route=%2Fwp%2Fv2%2Fproduct_brand&post=3282"},{"taxonomy":"product_cat","embeddable":true,"href":"https:\/\/obchudekuanny.cz\/index.php?rest_route=%2Fwp%2Fv2%2Fproduct_cat&post=3282"},{"taxonomy":"product_tag","embeddable":true,"href":"https:\/\/obchudekuanny.cz\/index.php?rest_route=%2Fwp%2Fv2%2Fproduct_tag&post=3282"}],"curies":[{"name":"wp","href":"https:\/\/api.w.org\/{rel}","templated":true}]}}