{"id":3270,"date":"2023-06-07T20:55:38","date_gmt":"2023-06-07T18:55:38","guid":{"rendered":"https:\/\/obchudekuanny.cz\/?post_type=product&#038;p=3270"},"modified":"2023-06-07T21:02:16","modified_gmt":"2023-06-07T19:02:16","slug":"chlapecky-set-pavouci-muz-gt","status":"publish","type":"product","link":"https:\/\/obchudekuanny.cz\/?product=chlapecky-set-pavouci-muz-gt","title":{"rendered":"Chlapeck\u00fd set pavou\u010d\u00ed mu\u017e GT"},"content":{"rendered":"","protected":false},"excerpt":{"rendered":"<ul>\n<li>Chlapeck\u00fd set polsk\u00e9 zna\u010dky GT.<\/li>\n<li>Kratasy + tri\u010dko.<\/li>\n<li>Materi\u00e1l 100% bavlna.<\/li>\n<li>DOPORU\u010cEN\u00c9 pran\u00ed na 30\u00b0<\/li>\n<\/ul>\n","protected":false},"featured_media":3269,"comment_status":"open","ping_status":"closed","template":"","meta":[],"product_brand":[],"product_cat":[43,257],"product_tag":[260,91,261,259,258],"class_list":{"0":"post-3270","1":"product","2":"type-product","3":"status-publish","4":"has-post-thumbnail","6":"product_cat-chlapecke-obleceni","7":"product_cat-kratasy-sety","8":"product_tag-chlapecky","9":"product_tag-gt","10":"product_tag-modry","11":"product_tag-set","12":"product_tag-spider","14":"first","15":"instock","16":"taxable","17":"shipping-taxable","18":"purchasable","19":"product-type-variable"},"_links":{"self":[{"href":"https:\/\/obchudekuanny.cz\/index.php?rest_route=\/wp\/v2\/product\/3270","targetHints":{"allow":["GET"]}}],"collection":[{"href":"https:\/\/obchudekuanny.cz\/index.php?rest_route=\/wp\/v2\/product"}],"about":[{"href":"https:\/\/obchudekuanny.cz\/index.php?rest_route=\/wp\/v2\/types\/product"}],"replies":[{"embeddable":true,"href":"https:\/\/obchudekuanny.cz\/index.php?rest_route=%2Fwp%2Fv2%2Fcomments&post=3270"}],"wp:featuredmedia":[{"embeddable":true,"href":"https:\/\/obchudekuanny.cz\/index.php?rest_route=\/wp\/v2\/media\/3269"}],"wp:attachment":[{"href":"https:\/\/obchudekuanny.cz\/index.php?rest_route=%2Fwp%2Fv2%2Fmedia&parent=3270"}],"wp:term":[{"taxonomy":"product_brand","embeddable":true,"href":"https:\/\/obchudekuanny.cz\/index.php?rest_route=%2Fwp%2Fv2%2Fproduct_brand&post=3270"},{"taxonomy":"product_cat","embeddable":true,"href":"https:\/\/obchudekuanny.cz\/index.php?rest_route=%2Fwp%2Fv2%2Fproduct_cat&post=3270"},{"taxonomy":"product_tag","embeddable":true,"href":"https:\/\/obchudekuanny.cz\/index.php?rest_route=%2Fwp%2Fv2%2Fproduct_tag&post=3270"}],"curies":[{"name":"wp","href":"https:\/\/api.w.org\/{rel}","templated":true}]}}