{"id":3255,"date":"2023-06-06T13:06:33","date_gmt":"2023-06-06T11:06:33","guid":{"rendered":"https:\/\/obchudekuanny.cz\/?post_type=product&#038;p=3255"},"modified":"2024-01-09T14:01:12","modified_gmt":"2024-01-09T13:01:12","slug":"sukne-motyl-duha-gudo","status":"publish","type":"product","link":"https:\/\/obchudekuanny.cz\/?product=sukne-motyl-duha-gudo","title":{"rendered":"Sukn\u011b mot\u00fdl duha GUDO"},"content":{"rendered":"","protected":false},"excerpt":{"rendered":"<ul>\n<li>D\u00edv\u010d\u00ed suk\u00fdnka \u010desk\u00e9 zna\u010dky GUDO<\/li>\n<li>Material 98% bavlna a 2% elastan<\/li>\n<li>V pase lem<\/li>\n<li>DOPORU\u010cEN\u00c9 pran\u00ed na 30\u00b0<\/li>\n<\/ul>\n","protected":false},"featured_media":3256,"comment_status":"open","ping_status":"closed","template":"","meta":[],"product_brand":[],"product_cat":[42,77],"product_tag":[234,68,59,93,255],"class_list":{"0":"post-3255","1":"product","2":"type-product","3":"status-publish","4":"has-post-thumbnail","6":"product_cat-divci-obleceni","7":"product_cat-saty-sukynky","8":"product_tag-bavlna","9":"product_tag-duha","10":"product_tag-gudo","11":"product_tag-motyl","12":"product_tag-sukne","14":"first","15":"instock","16":"taxable","17":"shipping-taxable","18":"purchasable","19":"product-type-variable"},"_links":{"self":[{"href":"https:\/\/obchudekuanny.cz\/index.php?rest_route=\/wp\/v2\/product\/3255","targetHints":{"allow":["GET"]}}],"collection":[{"href":"https:\/\/obchudekuanny.cz\/index.php?rest_route=\/wp\/v2\/product"}],"about":[{"href":"https:\/\/obchudekuanny.cz\/index.php?rest_route=\/wp\/v2\/types\/product"}],"replies":[{"embeddable":true,"href":"https:\/\/obchudekuanny.cz\/index.php?rest_route=%2Fwp%2Fv2%2Fcomments&post=3255"}],"wp:featuredmedia":[{"embeddable":true,"href":"https:\/\/obchudekuanny.cz\/index.php?rest_route=\/wp\/v2\/media\/3256"}],"wp:attachment":[{"href":"https:\/\/obchudekuanny.cz\/index.php?rest_route=%2Fwp%2Fv2%2Fmedia&parent=3255"}],"wp:term":[{"taxonomy":"product_brand","embeddable":true,"href":"https:\/\/obchudekuanny.cz\/index.php?rest_route=%2Fwp%2Fv2%2Fproduct_brand&post=3255"},{"taxonomy":"product_cat","embeddable":true,"href":"https:\/\/obchudekuanny.cz\/index.php?rest_route=%2Fwp%2Fv2%2Fproduct_cat&post=3255"},{"taxonomy":"product_tag","embeddable":true,"href":"https:\/\/obchudekuanny.cz\/index.php?rest_route=%2Fwp%2Fv2%2Fproduct_tag&post=3255"}],"curies":[{"name":"wp","href":"https:\/\/api.w.org\/{rel}","templated":true}]}}