{"id":3238,"date":"2023-05-13T13:48:06","date_gmt":"2023-05-13T11:48:06","guid":{"rendered":"https:\/\/obchudekuanny.cz\/?post_type=product&#038;p=3238"},"modified":"2023-09-24T15:55:27","modified_gmt":"2023-09-24T13:55:27","slug":"detska-cepice-atut-kvety","status":"publish","type":"product","link":"https:\/\/obchudekuanny.cz\/?product=detska-cepice-atut-kvety","title":{"rendered":"D\u011btsk\u00e1 \u010depice ATUT kv\u011bty"},"content":{"rendered":"","protected":false},"excerpt":{"rendered":"<ul>\n<li>Kv\u011btov\u00e1 \u010depi\u010dka POLSK\u00c9 zna\u010dky ATUT<\/li>\n<li>Material 90% bavlna a 10% elastan<\/li>\n<li>Decentn\u00ed logo ATUT<\/li>\n<li>DOPORU\u010cEN\u00c9 pran\u00ed na 30\u00b0<\/li>\n<\/ul>\n","protected":false},"featured_media":3239,"comment_status":"open","ping_status":"closed","template":"","meta":[],"product_brand":[],"product_cat":[96,42],"product_tag":[75,125,78,187],"class_list":{"0":"post-3238","1":"product","2":"type-product","3":"status-publish","4":"has-post-thumbnail","6":"product_cat-cepice-divci-obleceni","7":"product_cat-divci-obleceni","8":"product_tag-atut","9":"product_tag-cepice","10":"product_tag-divci","11":"product_tag-kvety","13":"first","14":"instock","15":"taxable","16":"shipping-taxable","17":"purchasable","18":"product-type-variable"},"_links":{"self":[{"href":"https:\/\/obchudekuanny.cz\/index.php?rest_route=\/wp\/v2\/product\/3238","targetHints":{"allow":["GET"]}}],"collection":[{"href":"https:\/\/obchudekuanny.cz\/index.php?rest_route=\/wp\/v2\/product"}],"about":[{"href":"https:\/\/obchudekuanny.cz\/index.php?rest_route=\/wp\/v2\/types\/product"}],"replies":[{"embeddable":true,"href":"https:\/\/obchudekuanny.cz\/index.php?rest_route=%2Fwp%2Fv2%2Fcomments&post=3238"}],"wp:featuredmedia":[{"embeddable":true,"href":"https:\/\/obchudekuanny.cz\/index.php?rest_route=\/wp\/v2\/media\/3239"}],"wp:attachment":[{"href":"https:\/\/obchudekuanny.cz\/index.php?rest_route=%2Fwp%2Fv2%2Fmedia&parent=3238"}],"wp:term":[{"taxonomy":"product_brand","embeddable":true,"href":"https:\/\/obchudekuanny.cz\/index.php?rest_route=%2Fwp%2Fv2%2Fproduct_brand&post=3238"},{"taxonomy":"product_cat","embeddable":true,"href":"https:\/\/obchudekuanny.cz\/index.php?rest_route=%2Fwp%2Fv2%2Fproduct_cat&post=3238"},{"taxonomy":"product_tag","embeddable":true,"href":"https:\/\/obchudekuanny.cz\/index.php?rest_route=%2Fwp%2Fv2%2Fproduct_tag&post=3238"}],"curies":[{"name":"wp","href":"https:\/\/api.w.org\/{rel}","templated":true}]}}