{"id":3218,"date":"2023-05-11T15:46:48","date_gmt":"2023-05-11T13:46:48","guid":{"rendered":"https:\/\/obchudekuanny.cz\/?post_type=product&#038;p=3218"},"modified":"2026-03-19T15:21:04","modified_gmt":"2026-03-19T14:21:04","slug":"divci-damske-saty-atut","status":"publish","type":"product","link":"https:\/\/obchudekuanny.cz\/?product=divci-damske-saty-atut","title":{"rendered":"D\u00edv\u010d\u00ed \/D\u00e1msk\u00e9 \u0161aty ATUT zelen\u00e9 punt\u00edk"},"content":{"rendered":"","protected":false},"excerpt":{"rendered":"<ul>\n<li>D\u00edv\u010d\u00ed \u0161aty vhodn\u00e9 i pro d\u00e1my velikosti S\/M<\/li>\n<li>Polsk\u00e1 zna\u010dka ATUT.<\/li>\n<li>Lehk\u00fd a kvalitn\u00ed material .<\/li>\n<li>100% BAVLNA.<\/li>\n<li>DOPORU\u010cUJEME pr\u00e1t na 40\u00b0.<\/li>\n<li>Skv\u011bl\u00e9 do letn\u00edch parn\u00fdch dn\u00ed.<\/li>\n<\/ul>\n","protected":false},"featured_media":3219,"comment_status":"open","ping_status":"closed","template":"","meta":[],"product_brand":[],"product_cat":[42,77],"product_tag":[75,250,251,78,88],"class_list":{"0":"post-3218","1":"product","2":"type-product","3":"status-publish","4":"has-post-thumbnail","6":"product_cat-divci-obleceni","7":"product_cat-saty-sukynky","8":"product_tag-atut","9":"product_tag-atut-saty","10":"product_tag-damske","11":"product_tag-divci","12":"product_tag-puntik","14":"first","15":"instock","16":"taxable","17":"shipping-taxable","18":"purchasable","19":"product-type-variable"},"_links":{"self":[{"href":"https:\/\/obchudekuanny.cz\/index.php?rest_route=\/wp\/v2\/product\/3218","targetHints":{"allow":["GET"]}}],"collection":[{"href":"https:\/\/obchudekuanny.cz\/index.php?rest_route=\/wp\/v2\/product"}],"about":[{"href":"https:\/\/obchudekuanny.cz\/index.php?rest_route=\/wp\/v2\/types\/product"}],"replies":[{"embeddable":true,"href":"https:\/\/obchudekuanny.cz\/index.php?rest_route=%2Fwp%2Fv2%2Fcomments&post=3218"}],"wp:featuredmedia":[{"embeddable":true,"href":"https:\/\/obchudekuanny.cz\/index.php?rest_route=\/wp\/v2\/media\/3219"}],"wp:attachment":[{"href":"https:\/\/obchudekuanny.cz\/index.php?rest_route=%2Fwp%2Fv2%2Fmedia&parent=3218"}],"wp:term":[{"taxonomy":"product_brand","embeddable":true,"href":"https:\/\/obchudekuanny.cz\/index.php?rest_route=%2Fwp%2Fv2%2Fproduct_brand&post=3218"},{"taxonomy":"product_cat","embeddable":true,"href":"https:\/\/obchudekuanny.cz\/index.php?rest_route=%2Fwp%2Fv2%2Fproduct_cat&post=3218"},{"taxonomy":"product_tag","embeddable":true,"href":"https:\/\/obchudekuanny.cz\/index.php?rest_route=%2Fwp%2Fv2%2Fproduct_tag&post=3218"}],"curies":[{"name":"wp","href":"https:\/\/api.w.org\/{rel}","templated":true}]}}