{"id":3155,"date":"2023-05-05T19:59:10","date_gmt":"2023-05-05T17:59:10","guid":{"rendered":"https:\/\/obchudekuanny.cz\/?post_type=product&#038;p=3155"},"modified":"2023-08-31T12:39:30","modified_gmt":"2023-08-31T10:39:30","slug":"kalhotky-emy-bimba-lapac-snu-fialove","status":"publish","type":"product","link":"https:\/\/obchudekuanny.cz\/?product=kalhotky-emy-bimba-lapac-snu-fialove","title":{"rendered":"Kalhotky EMY BIMBA lapa\u010d sn\u016f fialov\u00e9"},"content":{"rendered":"","protected":false},"excerpt":{"rendered":"<ul>\n<li>D\u00edv\u010d\u00ed kalhotky obl\u00edben\u00e9ho st\u0159ihu s p\u0159\u00edjemn\u00fdm \u0161irok\u00fdm lemem.<\/li>\n<li>\u00a0L\u00e9ty vyzkou\u0161en\u00fd st\u0159ih ocen\u00ed nejedna sle\u010dna.<\/li>\n<li>Materi\u00e1l 90% bavlna a 10% elastan.<\/li>\n<li>Velice p\u0159\u00edjemn\u00e9 na no\u0161en\u00ed, sed\u00ed perfektn\u011b nikde netla\u010d\u00ed.<\/li>\n<li>Italsk\u00fd v\u00fdrobce\u00a0<strong>LOVELYGIRL EMY<\/strong><\/li>\n<\/ul>\n","protected":false},"featured_media":3156,"comment_status":"open","ping_status":"closed","template":"","meta":[],"product_brand":[],"product_cat":[57],"product_tag":[165,221,219,166,243],"class_list":{"0":"post-3155","1":"product","2":"type-product","3":"status-publish","4":"has-post-thumbnail","6":"product_cat-emy-kalhotky","7":"product_tag-emy","8":"product_tag-emy-bimba","9":"product_tag-fialove","10":"product_tag-kalhotky","11":"product_tag-lapac-snu","13":"first","14":"instock","15":"taxable","16":"shipping-taxable","17":"purchasable","18":"product-type-variable"},"_links":{"self":[{"href":"https:\/\/obchudekuanny.cz\/index.php?rest_route=\/wp\/v2\/product\/3155","targetHints":{"allow":["GET"]}}],"collection":[{"href":"https:\/\/obchudekuanny.cz\/index.php?rest_route=\/wp\/v2\/product"}],"about":[{"href":"https:\/\/obchudekuanny.cz\/index.php?rest_route=\/wp\/v2\/types\/product"}],"replies":[{"embeddable":true,"href":"https:\/\/obchudekuanny.cz\/index.php?rest_route=%2Fwp%2Fv2%2Fcomments&post=3155"}],"wp:featuredmedia":[{"embeddable":true,"href":"https:\/\/obchudekuanny.cz\/index.php?rest_route=\/wp\/v2\/media\/3156"}],"wp:attachment":[{"href":"https:\/\/obchudekuanny.cz\/index.php?rest_route=%2Fwp%2Fv2%2Fmedia&parent=3155"}],"wp:term":[{"taxonomy":"product_brand","embeddable":true,"href":"https:\/\/obchudekuanny.cz\/index.php?rest_route=%2Fwp%2Fv2%2Fproduct_brand&post=3155"},{"taxonomy":"product_cat","embeddable":true,"href":"https:\/\/obchudekuanny.cz\/index.php?rest_route=%2Fwp%2Fv2%2Fproduct_cat&post=3155"},{"taxonomy":"product_tag","embeddable":true,"href":"https:\/\/obchudekuanny.cz\/index.php?rest_route=%2Fwp%2Fv2%2Fproduct_tag&post=3155"}],"curies":[{"name":"wp","href":"https:\/\/api.w.org\/{rel}","templated":true}]}}