{"id":3049,"date":"2023-05-01T21:35:59","date_gmt":"2023-05-01T19:35:59","guid":{"rendered":"https:\/\/obchudekuanny.cz\/?post_type=product&#038;p=3049"},"modified":"2023-05-01T21:41:53","modified_gmt":"2023-05-01T19:41:53","slug":"softshellova-bunda-tm-ruzova-gudo","status":"publish","type":"product","link":"https:\/\/obchudekuanny.cz\/?product=softshellova-bunda-tm-ruzova-gudo","title":{"rendered":"Softshellov\u00e1 bunda tm.r\u016f\u017eov\u00e1 GUDO"},"content":{"rendered":"","protected":false},"excerpt":{"rendered":"<ul>\n<li>Softshellov\u00e1 bunda 10 000 mm a 3 000 g\/m2\/24 hod<\/li>\n<li>h\u0159ejiv\u00fd material pod\u0161it\u00fd fleecem<\/li>\n<li>Skv\u011ble se hod\u00ed do podzimn\u00edch i jarn\u00edch sychrav\u00edch dn\u00ed<\/li>\n<li>Lemy na ruk\u00e1vech obepnou ru\u010di\u010dku a ruk\u00e1vy nepadaj\u00ed<\/li>\n<li>Skv\u011bl\u00e9 velk\u00e9 kapsy do kter\u00fdch se vejde spoustu v\u011bc\u00ed<\/li>\n<li>KOLEKCE\u00a0<strong>2022<\/strong><\/li>\n<\/ul>\n","protected":false},"featured_media":3050,"comment_status":"open","ping_status":"closed","template":"","meta":[],"product_brand":[],"product_cat":[42,61],"product_tag":[101,59,138,231,65,235],"class_list":{"0":"post-3049","1":"product","2":"type-product","3":"status-publish","4":"has-post-thumbnail","6":"product_cat-divci-obleceni","7":"product_cat-softshellove-bundy-podsite-fleecem","8":"product_tag-fleec","9":"product_tag-gudo","10":"product_tag-ruzova","11":"product_tag-softshell","12":"product_tag-softshellova-bunda","13":"product_tag-usito-v-cesku","15":"first","16":"instock","17":"taxable","18":"shipping-taxable","19":"purchasable","20":"product-type-variable"},"_links":{"self":[{"href":"https:\/\/obchudekuanny.cz\/index.php?rest_route=\/wp\/v2\/product\/3049","targetHints":{"allow":["GET"]}}],"collection":[{"href":"https:\/\/obchudekuanny.cz\/index.php?rest_route=\/wp\/v2\/product"}],"about":[{"href":"https:\/\/obchudekuanny.cz\/index.php?rest_route=\/wp\/v2\/types\/product"}],"replies":[{"embeddable":true,"href":"https:\/\/obchudekuanny.cz\/index.php?rest_route=%2Fwp%2Fv2%2Fcomments&post=3049"}],"wp:featuredmedia":[{"embeddable":true,"href":"https:\/\/obchudekuanny.cz\/index.php?rest_route=\/wp\/v2\/media\/3050"}],"wp:attachment":[{"href":"https:\/\/obchudekuanny.cz\/index.php?rest_route=%2Fwp%2Fv2%2Fmedia&parent=3049"}],"wp:term":[{"taxonomy":"product_brand","embeddable":true,"href":"https:\/\/obchudekuanny.cz\/index.php?rest_route=%2Fwp%2Fv2%2Fproduct_brand&post=3049"},{"taxonomy":"product_cat","embeddable":true,"href":"https:\/\/obchudekuanny.cz\/index.php?rest_route=%2Fwp%2Fv2%2Fproduct_cat&post=3049"},{"taxonomy":"product_tag","embeddable":true,"href":"https:\/\/obchudekuanny.cz\/index.php?rest_route=%2Fwp%2Fv2%2Fproduct_tag&post=3049"}],"curies":[{"name":"wp","href":"https:\/\/api.w.org\/{rel}","templated":true}]}}