{"id":2672,"date":"2023-04-18T11:25:19","date_gmt":"2023-04-18T09:25:19","guid":{"rendered":"http:\/\/obchudekuanny.cz\/?post_type=product&#038;p=2672"},"modified":"2025-11-10T20:37:18","modified_gmt":"2025-11-10T19:37:18","slug":"mikina-kvety-zip-gudo","status":"publish","type":"product","link":"https:\/\/obchudekuanny.cz\/?product=mikina-kvety-zip-gudo","title":{"rendered":"Mikina KV\u011aTY zip GUDO"},"content":{"rendered":"","protected":false},"excerpt":{"rendered":"<ul>\n<li>Kr\u00e1sn\u00e1 d\u00edv\u010d\u00ed mikinka \u010cESK\u00c9 zna\u010dky GUDO.<\/li>\n<li>Pro mal\u00e9 i velk\u00e9 sle\u010dny.<\/li>\n<li>V\u00fdrobce oble\u010den\u00ed GUDO velmi obl\u00edben\u00fd svou kvalitou a r\u016fznorodost\u00ed.<\/li>\n<li>Pevn\u00fd a pru\u017en\u00fd material .<\/li>\n<li>Doporu\u010dujeme pran\u00ed na 40\u00b0C.<\/li>\n<li>98% bavlna 2% elastan.<\/li>\n<li>Kr\u00e1sn\u011b dr\u017e\u00ed tvar i barvu.<\/li>\n<\/ul>\n","protected":false},"featured_media":2673,"comment_status":"open","ping_status":"closed","template":"","meta":[],"product_brand":[],"product_cat":[42,30],"product_tag":[59,187,206,212],"class_list":{"0":"post-2672","1":"product","2":"type-product","3":"status-publish","4":"has-post-thumbnail","6":"product_cat-divci-obleceni","7":"product_cat-detske-mikiny","8":"product_tag-gudo","9":"product_tag-kvety","10":"product_tag-mikina","11":"product_tag-zip","13":"first","14":"instock","15":"taxable","16":"shipping-taxable","17":"purchasable","18":"product-type-variable"},"_links":{"self":[{"href":"https:\/\/obchudekuanny.cz\/index.php?rest_route=\/wp\/v2\/product\/2672","targetHints":{"allow":["GET"]}}],"collection":[{"href":"https:\/\/obchudekuanny.cz\/index.php?rest_route=\/wp\/v2\/product"}],"about":[{"href":"https:\/\/obchudekuanny.cz\/index.php?rest_route=\/wp\/v2\/types\/product"}],"replies":[{"embeddable":true,"href":"https:\/\/obchudekuanny.cz\/index.php?rest_route=%2Fwp%2Fv2%2Fcomments&post=2672"}],"wp:featuredmedia":[{"embeddable":true,"href":"https:\/\/obchudekuanny.cz\/index.php?rest_route=\/wp\/v2\/media\/2673"}],"wp:attachment":[{"href":"https:\/\/obchudekuanny.cz\/index.php?rest_route=%2Fwp%2Fv2%2Fmedia&parent=2672"}],"wp:term":[{"taxonomy":"product_brand","embeddable":true,"href":"https:\/\/obchudekuanny.cz\/index.php?rest_route=%2Fwp%2Fv2%2Fproduct_brand&post=2672"},{"taxonomy":"product_cat","embeddable":true,"href":"https:\/\/obchudekuanny.cz\/index.php?rest_route=%2Fwp%2Fv2%2Fproduct_cat&post=2672"},{"taxonomy":"product_tag","embeddable":true,"href":"https:\/\/obchudekuanny.cz\/index.php?rest_route=%2Fwp%2Fv2%2Fproduct_tag&post=2672"}],"curies":[{"name":"wp","href":"https:\/\/api.w.org\/{rel}","templated":true}]}}