{"id":2667,"date":"2023-04-18T11:04:12","date_gmt":"2023-04-18T09:04:12","guid":{"rendered":"http:\/\/obchudekuanny.cz\/?post_type=product&#038;p=2667"},"modified":"2023-05-01T08:01:24","modified_gmt":"2023-05-01T06:01:24","slug":"mikina-puntik-ruzova-atut-velikost-110","status":"publish","type":"product","link":"https:\/\/obchudekuanny.cz\/?product=mikina-puntik-ruzova-atut-velikost-110","title":{"rendered":"Mikina PUNT\u00cdK r\u016f\u017eov\u00e1 ATUT velikost 116"},"content":{"rendered":"","protected":false},"excerpt":{"rendered":"<ul>\n<li>Kr\u00e1sn\u00e1 d\u00edv\u010d\u00ed mikinka POLSK\u00c9 zna\u010dky ATUT.<\/li>\n<li>Pro mal\u00e9 i velk\u00e9 sle\u010dny.<\/li>\n<li>Mikinka m\u00e1 uvnit\u0159 jemn\u00fd chloupek je teplej\u0161\u00ed.<\/li>\n<li>V\u00fdrobce oble\u010den\u00ed ATUT m\u00e1 velmi kvalitn\u00ed a dob\u0159e zpracovan\u00e9 produkty.<\/li>\n<li>Pevn\u00fd a pru\u017en\u00fd material .<\/li>\n<li>Doporu\u010den\u00e9 pran\u00ed na 40\u00b0C.<\/li>\n<li>30% bavlna a 70% polyester.<\/li>\n<li>Perfektn\u011b dr\u017e\u00ed tvar ibarvu.<\/li>\n<li>DOPORU\u010cUJEME br\u00e1t v\u011bt\u0161\u00ed velikost.<\/li>\n<\/ul>\n","protected":false},"featured_media":2669,"comment_status":"open","ping_status":"closed","template":"","meta":[],"product_brand":[],"product_cat":[42,30],"product_tag":[75,200,206,88,138],"class_list":{"0":"post-2667","1":"product","2":"type-product","3":"status-publish","4":"has-post-thumbnail","6":"product_cat-divci-obleceni","7":"product_cat-detske-mikiny","8":"product_tag-atut","9":"product_tag-holka","10":"product_tag-mikina","11":"product_tag-puntik","12":"product_tag-ruzova","14":"first","15":"instock","16":"sold-individually","17":"taxable","18":"shipping-taxable","19":"purchasable","20":"product-type-simple"},"_links":{"self":[{"href":"https:\/\/obchudekuanny.cz\/index.php?rest_route=\/wp\/v2\/product\/2667","targetHints":{"allow":["GET"]}}],"collection":[{"href":"https:\/\/obchudekuanny.cz\/index.php?rest_route=\/wp\/v2\/product"}],"about":[{"href":"https:\/\/obchudekuanny.cz\/index.php?rest_route=\/wp\/v2\/types\/product"}],"replies":[{"embeddable":true,"href":"https:\/\/obchudekuanny.cz\/index.php?rest_route=%2Fwp%2Fv2%2Fcomments&post=2667"}],"wp:featuredmedia":[{"embeddable":true,"href":"https:\/\/obchudekuanny.cz\/index.php?rest_route=\/wp\/v2\/media\/2669"}],"wp:attachment":[{"href":"https:\/\/obchudekuanny.cz\/index.php?rest_route=%2Fwp%2Fv2%2Fmedia&parent=2667"}],"wp:term":[{"taxonomy":"product_brand","embeddable":true,"href":"https:\/\/obchudekuanny.cz\/index.php?rest_route=%2Fwp%2Fv2%2Fproduct_brand&post=2667"},{"taxonomy":"product_cat","embeddable":true,"href":"https:\/\/obchudekuanny.cz\/index.php?rest_route=%2Fwp%2Fv2%2Fproduct_cat&post=2667"},{"taxonomy":"product_tag","embeddable":true,"href":"https:\/\/obchudekuanny.cz\/index.php?rest_route=%2Fwp%2Fv2%2Fproduct_tag&post=2667"}],"curies":[{"name":"wp","href":"https:\/\/api.w.org\/{rel}","templated":true}]}}