{"id":2647,"date":"2023-04-18T10:44:28","date_gmt":"2023-04-18T08:44:28","guid":{"rendered":"http:\/\/obchudekuanny.cz\/?post_type=product&#038;p=2647"},"modified":"2023-05-01T07:42:36","modified_gmt":"2023-05-01T05:42:36","slug":"mikina-shift-cerna-gt","status":"publish","type":"product","link":"https:\/\/obchudekuanny.cz\/?product=mikina-shift-cerna-gt","title":{"rendered":"Mikina SHIFT \u010dern\u00e1 GT"},"content":{"rendered":"","protected":false},"excerpt":{"rendered":"<ul>\n<li>Kr\u00e1sn\u00e1 chlapeck\u00e1 mikinka POLSK\u00c9 zna\u010dky GT.<\/li>\n<li>V\u00fdrobce oble\u010den\u00ed GT m\u00e1 velmi kvalitn\u00ed a dob\u0159e zpracovan\u00e9 produkty.<\/li>\n<li>Pevn\u00fd a pru\u017en\u00fd material .<\/li>\n<li>Doporu\u010den\u00e9 pran\u00ed na 40\u00b0C.<\/li>\n<li>88% bavlna a 12% polyester.<\/li>\n<li>Perfektn\u011b dr\u017e\u00ed tvar i barvu.<\/li>\n<li>VELIKOSTN\u011a SED\u00cd.<\/li>\n<\/ul>\n","protected":false},"featured_media":2648,"comment_status":"open","ping_status":"closed","template":"","meta":[],"product_brand":[],"product_cat":[43,62],"product_tag":[84,91,123,206,209],"class_list":{"0":"post-2647","1":"product","2":"type-product","3":"status-publish","4":"has-post-thumbnail","6":"product_cat-chlapecke-obleceni","7":"product_cat-mikiny","8":"product_tag-cerna","9":"product_tag-gt","10":"product_tag-kluk","11":"product_tag-mikina","12":"product_tag-shift","14":"first","15":"instock","16":"taxable","17":"shipping-taxable","18":"purchasable","19":"product-type-variable"},"_links":{"self":[{"href":"https:\/\/obchudekuanny.cz\/index.php?rest_route=\/wp\/v2\/product\/2647","targetHints":{"allow":["GET"]}}],"collection":[{"href":"https:\/\/obchudekuanny.cz\/index.php?rest_route=\/wp\/v2\/product"}],"about":[{"href":"https:\/\/obchudekuanny.cz\/index.php?rest_route=\/wp\/v2\/types\/product"}],"replies":[{"embeddable":true,"href":"https:\/\/obchudekuanny.cz\/index.php?rest_route=%2Fwp%2Fv2%2Fcomments&post=2647"}],"wp:featuredmedia":[{"embeddable":true,"href":"https:\/\/obchudekuanny.cz\/index.php?rest_route=\/wp\/v2\/media\/2648"}],"wp:attachment":[{"href":"https:\/\/obchudekuanny.cz\/index.php?rest_route=%2Fwp%2Fv2%2Fmedia&parent=2647"}],"wp:term":[{"taxonomy":"product_brand","embeddable":true,"href":"https:\/\/obchudekuanny.cz\/index.php?rest_route=%2Fwp%2Fv2%2Fproduct_brand&post=2647"},{"taxonomy":"product_cat","embeddable":true,"href":"https:\/\/obchudekuanny.cz\/index.php?rest_route=%2Fwp%2Fv2%2Fproduct_cat&post=2647"},{"taxonomy":"product_tag","embeddable":true,"href":"https:\/\/obchudekuanny.cz\/index.php?rest_route=%2Fwp%2Fv2%2Fproduct_tag&post=2647"}],"curies":[{"name":"wp","href":"https:\/\/api.w.org\/{rel}","templated":true}]}}