{"id":255,"date":"2023-01-06T20:01:51","date_gmt":"2023-01-06T19:01:51","guid":{"rendered":"http:\/\/obchudekuanny.cz\/?post_type=product&#038;p=255"},"modified":"2025-03-10T19:10:28","modified_gmt":"2025-03-10T18:10:28","slug":"cerne-softshellove-kalhoty-gudo","status":"publish","type":"product","link":"https:\/\/obchudekuanny.cz\/?product=cerne-softshellove-kalhoty-gudo","title":{"rendered":"\u010cern\u00e9 softshellov\u00e9 kalhoty GUDO"},"content":{"rendered":"","protected":false},"excerpt":{"rendered":"<ul>\n<li>Softshellov\u00e9 kalhoty 10 000 mm a 3 000 g\/m2\/24 hod<\/li>\n<li>H\u0159ejiv\u00fd material pod\u0161it\u00fd fleecem.<\/li>\n<li>Skv\u011ble se hod\u00ed do podzimn\u00edch i jarn\u00edch sychrav\u00edch dn\u00ed.<\/li>\n<li>Vyv\u00fd\u0161en\u00fd pas.<\/li>\n<li>Kapsy do kter\u00fdch se vejde spoustu v\u011bc\u00ed.<\/li>\n<li>Rostouc\u00ed vydr\u017e\u00ed 2-3 velikosti.<\/li>\n<li>KOLEKCE\u00a0<strong>2022<\/strong><\/li>\n<li>U produkt\u016f na objedn\u00e1vku je d\u00e9lka dodan\u00ed cca 14 dn\u00ed.<\/li>\n<\/ul>\n","protected":false},"featured_media":2457,"comment_status":"open","ping_status":"closed","template":"","meta":[],"product_brand":[],"product_cat":[72,45],"product_tag":[],"class_list":{"0":"post-255","1":"product","2":"type-product","3":"status-publish","4":"has-post-thumbnail","6":"product_cat-softshellove-kalhoty","7":"product_cat-softshellove-kalhoty-podsite-fleecem","9":"first","10":"instock","11":"taxable","12":"shipping-taxable","13":"purchasable","14":"product-type-variable"},"_links":{"self":[{"href":"https:\/\/obchudekuanny.cz\/index.php?rest_route=\/wp\/v2\/product\/255","targetHints":{"allow":["GET"]}}],"collection":[{"href":"https:\/\/obchudekuanny.cz\/index.php?rest_route=\/wp\/v2\/product"}],"about":[{"href":"https:\/\/obchudekuanny.cz\/index.php?rest_route=\/wp\/v2\/types\/product"}],"replies":[{"embeddable":true,"href":"https:\/\/obchudekuanny.cz\/index.php?rest_route=%2Fwp%2Fv2%2Fcomments&post=255"}],"wp:featuredmedia":[{"embeddable":true,"href":"https:\/\/obchudekuanny.cz\/index.php?rest_route=\/wp\/v2\/media\/2457"}],"wp:attachment":[{"href":"https:\/\/obchudekuanny.cz\/index.php?rest_route=%2Fwp%2Fv2%2Fmedia&parent=255"}],"wp:term":[{"taxonomy":"product_brand","embeddable":true,"href":"https:\/\/obchudekuanny.cz\/index.php?rest_route=%2Fwp%2Fv2%2Fproduct_brand&post=255"},{"taxonomy":"product_cat","embeddable":true,"href":"https:\/\/obchudekuanny.cz\/index.php?rest_route=%2Fwp%2Fv2%2Fproduct_cat&post=255"},{"taxonomy":"product_tag","embeddable":true,"href":"https:\/\/obchudekuanny.cz\/index.php?rest_route=%2Fwp%2Fv2%2Fproduct_tag&post=255"}],"curies":[{"name":"wp","href":"https:\/\/api.w.org\/{rel}","templated":true}]}}