{"id":2548,"date":"2023-04-18T09:15:46","date_gmt":"2023-04-18T07:15:46","guid":{"rendered":"http:\/\/obchudekuanny.cz\/?post_type=product&#038;p=2548"},"modified":"2023-05-01T15:55:03","modified_gmt":"2023-05-01T13:55:03","slug":"tricko-dream-horcicova-atut","status":"publish","type":"product","link":"https:\/\/obchudekuanny.cz\/?product=tricko-dream-horcicova-atut","title":{"rendered":"Tri\u010dko DREAM ho\u0159\u010dicov\u00e1 ATUT"},"content":{"rendered":"","protected":false},"excerpt":{"rendered":"<ul>\n<li>Kr\u00e1sn\u00e9 tri\u010dko polsk\u00e9 zna\u010dky ATUT.<\/li>\n<li>Pro mal\u00e9 i velk\u00e9 par\u00e1dnice.<\/li>\n<li>V\u00fdrobce oble\u010den\u00ed Atut m\u00e1 velmi kvalitn\u00ed a dob\u0159e zpracovan\u00e9 produkty.<\/li>\n<li>Pevn\u00fd a pru\u017en\u00fd material .Doporu\u010den\u00e9 pran\u00ed na 40\u00b0C.<\/li>\n<li>92% bavlna a 8% elastan .<\/li>\n<li>Perfektn\u011b dr\u017e\u00ed tvar i barvu.<\/li>\n<li>DOPORU\u010cUJEME br\u00e1t o velikost v\u011bt\u0161\u00ed.<\/li>\n<\/ul>\n","protected":false},"featured_media":2549,"comment_status":"open","ping_status":"closed","template":"","meta":[],"product_brand":[],"product_cat":[42,58],"product_tag":[75,197,92,80,79],"class_list":{"0":"post-2548","1":"product","2":"type-product","3":"status-publish","4":"has-post-thumbnail","6":"product_cat-divci-obleceni","7":"product_cat-tricka-kratky-dlouhy-rukav-crop-topy","8":"product_tag-atut","9":"product_tag-dream","10":"product_tag-horcicova","11":"product_tag-tricko","12":"product_tag-triko","14":"first","15":"instock","16":"taxable","17":"shipping-taxable","18":"purchasable","19":"product-type-variable"},"_links":{"self":[{"href":"https:\/\/obchudekuanny.cz\/index.php?rest_route=\/wp\/v2\/product\/2548","targetHints":{"allow":["GET"]}}],"collection":[{"href":"https:\/\/obchudekuanny.cz\/index.php?rest_route=\/wp\/v2\/product"}],"about":[{"href":"https:\/\/obchudekuanny.cz\/index.php?rest_route=\/wp\/v2\/types\/product"}],"replies":[{"embeddable":true,"href":"https:\/\/obchudekuanny.cz\/index.php?rest_route=%2Fwp%2Fv2%2Fcomments&post=2548"}],"wp:featuredmedia":[{"embeddable":true,"href":"https:\/\/obchudekuanny.cz\/index.php?rest_route=\/wp\/v2\/media\/2549"}],"wp:attachment":[{"href":"https:\/\/obchudekuanny.cz\/index.php?rest_route=%2Fwp%2Fv2%2Fmedia&parent=2548"}],"wp:term":[{"taxonomy":"product_brand","embeddable":true,"href":"https:\/\/obchudekuanny.cz\/index.php?rest_route=%2Fwp%2Fv2%2Fproduct_brand&post=2548"},{"taxonomy":"product_cat","embeddable":true,"href":"https:\/\/obchudekuanny.cz\/index.php?rest_route=%2Fwp%2Fv2%2Fproduct_cat&post=2548"},{"taxonomy":"product_tag","embeddable":true,"href":"https:\/\/obchudekuanny.cz\/index.php?rest_route=%2Fwp%2Fv2%2Fproduct_tag&post=2548"}],"curies":[{"name":"wp","href":"https:\/\/api.w.org\/{rel}","templated":true}]}}