{"id":2503,"date":"2023-04-17T11:27:15","date_gmt":"2023-04-17T09:27:15","guid":{"rendered":"http:\/\/obchudekuanny.cz\/?post_type=product&#038;p=2503"},"modified":"2025-09-27T22:48:28","modified_gmt":"2025-09-27T20:48:28","slug":"leginy-cerny-trpit-atut","status":"publish","type":"product","link":"https:\/\/obchudekuanny.cz\/?product=leginy-cerny-trpit-atut","title":{"rendered":"Leg\u00edny \u010dern\u00fd t\u0159pyt ATUT"},"content":{"rendered":"","protected":false},"excerpt":{"rendered":"<ul>\n<li>Kr\u00e1sn\u00e9 leg\u00edny polsk\u00e9 zna\u010dky ATUT.<\/li>\n<li>Pro mal\u00e9 i velk\u00e9 par\u00e1dnice.<\/li>\n<li>V\u00fdrobce oble\u010den\u00ed Atut m\u00e1 velmi kvalitn\u00ed a dob\u0159e zpracovan\u00e9 produkty.<\/li>\n<li>Pevn\u00fd a pru\u017en\u00fd material .Doporu\u010den\u00e9 pran\u00ed na 40\u00b0C.<\/li>\n<li>92% bavna a 8% elastan.<\/li>\n<li>Perfektn\u011b dr\u017e\u00ed tvar i barvu.<\/li>\n<li>DOPORU\u010cUJEME br\u00e1t o velikost v\u011bt\u0161\u00ed<\/li>\n<\/ul>\n","protected":false},"featured_media":2504,"comment_status":"open","ping_status":"closed","template":"","meta":[],"product_brand":[],"product_cat":[42,55],"product_tag":[75,192,90,191],"class_list":{"0":"post-2503","1":"product","2":"type-product","3":"status-publish","4":"has-post-thumbnail","6":"product_cat-divci-obleceni","7":"product_cat-teplaky-leginy","8":"product_tag-atut","9":"product_tag-cerne","10":"product_tag-leginy","11":"product_tag-trpitky","13":"first","14":"instock","15":"taxable","16":"shipping-taxable","17":"purchasable","18":"product-type-variable"},"_links":{"self":[{"href":"https:\/\/obchudekuanny.cz\/index.php?rest_route=\/wp\/v2\/product\/2503","targetHints":{"allow":["GET"]}}],"collection":[{"href":"https:\/\/obchudekuanny.cz\/index.php?rest_route=\/wp\/v2\/product"}],"about":[{"href":"https:\/\/obchudekuanny.cz\/index.php?rest_route=\/wp\/v2\/types\/product"}],"replies":[{"embeddable":true,"href":"https:\/\/obchudekuanny.cz\/index.php?rest_route=%2Fwp%2Fv2%2Fcomments&post=2503"}],"wp:featuredmedia":[{"embeddable":true,"href":"https:\/\/obchudekuanny.cz\/index.php?rest_route=\/wp\/v2\/media\/2504"}],"wp:attachment":[{"href":"https:\/\/obchudekuanny.cz\/index.php?rest_route=%2Fwp%2Fv2%2Fmedia&parent=2503"}],"wp:term":[{"taxonomy":"product_brand","embeddable":true,"href":"https:\/\/obchudekuanny.cz\/index.php?rest_route=%2Fwp%2Fv2%2Fproduct_brand&post=2503"},{"taxonomy":"product_cat","embeddable":true,"href":"https:\/\/obchudekuanny.cz\/index.php?rest_route=%2Fwp%2Fv2%2Fproduct_cat&post=2503"},{"taxonomy":"product_tag","embeddable":true,"href":"https:\/\/obchudekuanny.cz\/index.php?rest_route=%2Fwp%2Fv2%2Fproduct_tag&post=2503"}],"curies":[{"name":"wp","href":"https:\/\/api.w.org\/{rel}","templated":true}]}}