{"id":2472,"date":"2023-04-17T09:51:03","date_gmt":"2023-04-17T07:51:03","guid":{"rendered":"http:\/\/obchudekuanny.cz\/?post_type=product&#038;p=2472"},"modified":"2025-09-11T16:31:10","modified_gmt":"2025-09-11T14:31:10","slug":"pyzamo-stavebni-stroje-sede-gudo","status":"publish","type":"product","link":"https:\/\/obchudekuanny.cz\/?product=pyzamo-stavebni-stroje-sede-gudo","title":{"rendered":"Py\u017eamo STAVEBN\u00cd STROJE \u0161ed\u00e9 GUDO"},"content":{"rendered":"","protected":false},"excerpt":{"rendered":"<ul>\n<li>Bavln\u011bn\u00e9 py\u017eamko u\u0161it\u00e9 \u010cESKOU firmou GUDO.<\/li>\n<li>Material 98% bavlna a 2%elastan.<\/li>\n<li>Doporu\u010dujeme pr\u00e1t na 30\u00b0C<\/li>\n<li>N\u00e1plety na no\u017ei\u010dk\u00e1ch a ru\u010di\u010dk\u00e1ch.<\/li>\n<li>D\u011bti\u010dk\u00e1m tedy kr\u00e1sn\u011b sed\u00ed a snesou v\u011bts\u00ed velikost.<\/li>\n<li>V pase gumi\u010dka.<\/li>\n<li>Kr\u00e1sn\u011b dr\u017e\u00ed tvar i barvu.<\/li>\n<li>U\u0160ITO V \u010cESKU.<\/li>\n<li>N\u00e1\u0161 mal\u00fd model m\u00e1 na sob\u011b velikost 122 a py\u017eamko mu je v\u011bt\u0161\u00ed.<\/li>\n<\/ul>\n","protected":false},"featured_media":2473,"comment_status":"open","ping_status":"closed","template":"","meta":[],"product_brand":[],"product_cat":[43,64],"product_tag":[71,59,185,108,186],"class_list":{"0":"post-2472","1":"product","2":"type-product","3":"status-publish","4":"has-post-thumbnail","6":"product_cat-chlapecke-obleceni","7":"product_cat-pyzama","8":"product_tag-bagr","9":"product_tag-gudo","10":"product_tag-michacka","11":"product_tag-pyzamo","12":"product_tag-sede","14":"first","15":"instock","16":"taxable","17":"shipping-taxable","18":"purchasable","19":"product-type-variable"},"_links":{"self":[{"href":"https:\/\/obchudekuanny.cz\/index.php?rest_route=\/wp\/v2\/product\/2472","targetHints":{"allow":["GET"]}}],"collection":[{"href":"https:\/\/obchudekuanny.cz\/index.php?rest_route=\/wp\/v2\/product"}],"about":[{"href":"https:\/\/obchudekuanny.cz\/index.php?rest_route=\/wp\/v2\/types\/product"}],"replies":[{"embeddable":true,"href":"https:\/\/obchudekuanny.cz\/index.php?rest_route=%2Fwp%2Fv2%2Fcomments&post=2472"}],"wp:featuredmedia":[{"embeddable":true,"href":"https:\/\/obchudekuanny.cz\/index.php?rest_route=\/wp\/v2\/media\/2473"}],"wp:attachment":[{"href":"https:\/\/obchudekuanny.cz\/index.php?rest_route=%2Fwp%2Fv2%2Fmedia&parent=2472"}],"wp:term":[{"taxonomy":"product_brand","embeddable":true,"href":"https:\/\/obchudekuanny.cz\/index.php?rest_route=%2Fwp%2Fv2%2Fproduct_brand&post=2472"},{"taxonomy":"product_cat","embeddable":true,"href":"https:\/\/obchudekuanny.cz\/index.php?rest_route=%2Fwp%2Fv2%2Fproduct_cat&post=2472"},{"taxonomy":"product_tag","embeddable":true,"href":"https:\/\/obchudekuanny.cz\/index.php?rest_route=%2Fwp%2Fv2%2Fproduct_tag&post=2472"}],"curies":[{"name":"wp","href":"https:\/\/api.w.org\/{rel}","templated":true}]}}