{"id":244,"date":"2023-01-05T22:41:17","date_gmt":"2023-01-05T21:41:17","guid":{"rendered":"http:\/\/obchudekuanny.cz\/?post_type=product&#038;p=244"},"modified":"2026-03-06T08:12:11","modified_gmt":"2026-03-06T07:12:11","slug":"cepice-dvojita-bavlna-homeles-seda","status":"publish","type":"product","link":"https:\/\/obchudekuanny.cz\/?product=cepice-dvojita-bavlna-homeles-seda","title":{"rendered":"\u010cepice bavlna dvouvrstv\u00e1 HOMELES \u0161ed\u00e1 GUDO"},"content":{"rendered":"","protected":false},"excerpt":{"rendered":"<ul>\n<li>Kr\u00e1sn\u00e1 \u010depi\u010dka kter\u00e1 slu\u0161\u00ed velk\u00fdm i mal\u00fdm hlavi\u010dk\u00e1m.<\/li>\n<li>Bavln\u011bn\u00e1 dvouvrstv\u00e1 \u010depice styl ala HOMELES.<\/li>\n<li>Material 98 % bavlna a 2 % elastan.<\/li>\n<li>\u010cesk\u00fd v\u00fdrobek.<\/li>\n<li>Tato barva krasn\u011b sedne k na\u0161\u00ed kolekci softshellov\u00fdch souprav.<\/li>\n<li>Na\u0161e mal\u00e1 modelka m\u00e1 velikost 56cm (8 let)<\/li>\n<\/ul>\n","protected":false},"featured_media":2167,"comment_status":"open","ping_status":"closed","template":"","meta":[],"product_brand":[],"product_cat":[96,34],"product_tag":[125,127,59,126],"class_list":{"0":"post-244","1":"product","2":"type-product","3":"status-publish","4":"has-post-thumbnail","6":"product_cat-cepice-divci-obleceni","7":"product_cat-cepice","8":"product_tag-cepice","9":"product_tag-dvojitabavlna","10":"product_tag-gudo","11":"product_tag-homeles","13":"first","14":"instock","15":"taxable","16":"shipping-taxable","17":"purchasable","18":"product-type-variable"},"_links":{"self":[{"href":"https:\/\/obchudekuanny.cz\/index.php?rest_route=\/wp\/v2\/product\/244","targetHints":{"allow":["GET"]}}],"collection":[{"href":"https:\/\/obchudekuanny.cz\/index.php?rest_route=\/wp\/v2\/product"}],"about":[{"href":"https:\/\/obchudekuanny.cz\/index.php?rest_route=\/wp\/v2\/types\/product"}],"replies":[{"embeddable":true,"href":"https:\/\/obchudekuanny.cz\/index.php?rest_route=%2Fwp%2Fv2%2Fcomments&post=244"}],"wp:featuredmedia":[{"embeddable":true,"href":"https:\/\/obchudekuanny.cz\/index.php?rest_route=\/wp\/v2\/media\/2167"}],"wp:attachment":[{"href":"https:\/\/obchudekuanny.cz\/index.php?rest_route=%2Fwp%2Fv2%2Fmedia&parent=244"}],"wp:term":[{"taxonomy":"product_brand","embeddable":true,"href":"https:\/\/obchudekuanny.cz\/index.php?rest_route=%2Fwp%2Fv2%2Fproduct_brand&post=244"},{"taxonomy":"product_cat","embeddable":true,"href":"https:\/\/obchudekuanny.cz\/index.php?rest_route=%2Fwp%2Fv2%2Fproduct_cat&post=244"},{"taxonomy":"product_tag","embeddable":true,"href":"https:\/\/obchudekuanny.cz\/index.php?rest_route=%2Fwp%2Fv2%2Fproduct_tag&post=244"}],"curies":[{"name":"wp","href":"https:\/\/api.w.org\/{rel}","templated":true}]}}