{"id":2423,"date":"2023-04-16T12:49:55","date_gmt":"2023-04-16T10:49:55","guid":{"rendered":"http:\/\/obchudekuanny.cz\/?post_type=product&#038;p=2423"},"modified":"2025-01-23T11:57:01","modified_gmt":"2025-01-23T10:57:01","slug":"leginy-kytky-gudo","status":"publish","type":"product","link":"https:\/\/obchudekuanny.cz\/?product=leginy-kytky-gudo","title":{"rendered":"Leg\u00edny KYTKY GUDO"},"content":{"rendered":"","protected":false},"excerpt":{"rendered":"<ul>\n<li>Kr\u00e1sn\u00e9 d\u00edv\u010d\u00ed leg\u00edny \u010cESK\u00c9 zna\u010dky GUDO.<\/li>\n<li>Pro mal\u00e9 i velk\u00e9 sle\u010dny.<\/li>\n<li>V\u00fdrobce oble\u010den\u00ed GUDO velmi obl\u00edben\u00fd svou kvalitou a r\u016fznorodost\u00ed.<\/li>\n<li>Pevn\u00fd a pru\u017en\u00fd material .<\/li>\n<li>Doporu\u010dujeme pran\u00ed na 40\u00b0C.<\/li>\n<li>98% bavlna 2% elastan.<\/li>\n<li>Kr\u00e1sn\u011b dr\u017e\u00ed tvar i barvu.<\/li>\n<\/ul>\n","protected":false},"featured_media":2424,"comment_status":"open","ping_status":"closed","template":"","meta":[],"product_brand":[],"product_cat":[42,55],"product_tag":[59,176,90],"class_list":{"0":"post-2423","1":"product","2":"type-product","3":"status-publish","4":"has-post-thumbnail","6":"product_cat-divci-obleceni","7":"product_cat-teplaky-leginy","8":"product_tag-gudo","9":"product_tag-kytka","10":"product_tag-leginy","12":"first","13":"instock","14":"taxable","15":"shipping-taxable","16":"purchasable","17":"product-type-variable"},"_links":{"self":[{"href":"https:\/\/obchudekuanny.cz\/index.php?rest_route=\/wp\/v2\/product\/2423","targetHints":{"allow":["GET"]}}],"collection":[{"href":"https:\/\/obchudekuanny.cz\/index.php?rest_route=\/wp\/v2\/product"}],"about":[{"href":"https:\/\/obchudekuanny.cz\/index.php?rest_route=\/wp\/v2\/types\/product"}],"replies":[{"embeddable":true,"href":"https:\/\/obchudekuanny.cz\/index.php?rest_route=%2Fwp%2Fv2%2Fcomments&post=2423"}],"wp:featuredmedia":[{"embeddable":true,"href":"https:\/\/obchudekuanny.cz\/index.php?rest_route=\/wp\/v2\/media\/2424"}],"wp:attachment":[{"href":"https:\/\/obchudekuanny.cz\/index.php?rest_route=%2Fwp%2Fv2%2Fmedia&parent=2423"}],"wp:term":[{"taxonomy":"product_brand","embeddable":true,"href":"https:\/\/obchudekuanny.cz\/index.php?rest_route=%2Fwp%2Fv2%2Fproduct_brand&post=2423"},{"taxonomy":"product_cat","embeddable":true,"href":"https:\/\/obchudekuanny.cz\/index.php?rest_route=%2Fwp%2Fv2%2Fproduct_cat&post=2423"},{"taxonomy":"product_tag","embeddable":true,"href":"https:\/\/obchudekuanny.cz\/index.php?rest_route=%2Fwp%2Fv2%2Fproduct_tag&post=2423"}],"curies":[{"name":"wp","href":"https:\/\/api.w.org\/{rel}","templated":true}]}}