{"id":230,"date":"2023-01-05T21:51:25","date_gmt":"2023-01-05T20:51:25","guid":{"rendered":"http:\/\/obchudekuanny.cz\/?post_type=product&#038;p=230"},"modified":"2023-11-26T20:25:41","modified_gmt":"2023-11-26T19:25:41","slug":"detske-rukavice-fantom-podsite-fleecem-ruzove","status":"publish","type":"product","link":"https:\/\/obchudekuanny.cz\/?product=detske-rukavice-fantom-podsite-fleecem-ruzove","title":{"rendered":"D\u011btsk\u00e9 softshellov\u00e9 rukavice FANTOM pod\u0161it\u00e9 fleecem r\u016f\u017eov\u00e9"},"content":{"rendered":"","protected":false},"excerpt":{"rendered":"<h4>SLO\u017dEN\u00cd MATERI\u00c1LU<\/h4>\n<ul>\n<li>slo\u017een\u00ed &#8211; sendvi\u010dov\u00e1 textilie<\/li>\n<li>\u00faprava materi\u00e1lu &#8211; membr\u00e1na TPU<\/li>\n<li>rub &#8211; 100% polyester=microfleece<\/li>\n<li>l\u00edc &#8211; hladk\u00fd povrch<\/li>\n<li>gram\u00e1\u017e &#8211; 308g\/m2<\/li>\n<li>vodn\u00ed sloupec &#8211; 10 000mm H2O<\/li>\n<li>prody\u0161nost &#8211; 3 000g\/m2\/24hod<\/li>\n<li>aviv\u00e1\u017e &#8211; nepou\u017e\u00edvat<\/li>\n<li>pran\u00ed &#8211; 30\u00b0C<\/li>\n<\/ul>\n<p><strong>PARAMETRY V\u00ddROBKU<\/strong><\/p>\n<ul>\n<li>materi\u00e1l &#8211; h\u0159ejiv\u00fd, paropropustn\u00fd, vodoodpudiv\u00fd<\/li>\n<li>st\u0159ih &#8211; p\u0159il\u00e9hav\u00fd<\/li>\n<li>d\u00e9lka &#8211; do pru\u017en\u00e9 lemovky<\/li>\n<li>vrstva &#8211; prvn\u00ed-komfortn\u00ed<\/li>\n<li>ro\u010dn\u00ed obdob\u00ed &#8211; jaro, podzim<\/li>\n<li>za\u0159azen\u00ed &#8211; be\u017en\u00e9 no\u0161en\u00ed, outdorov\u00e9 aktivity<\/li>\n<\/ul>\n<p>Velikosti m\u011b\u0159\u00edme od z\u00e1p\u011bst\u00ed po konec ukazov\u00e1\u010dku.<\/p>\n<ul>\n<li>velikost 1\u00a0 \u00a0 \u00a0 9,5cm<\/li>\n<li>velikost 2\u00a0 \u00a0 \u00a011 cm<\/li>\n<li>velikost 3\u00a0 \u00a0 \u00a012,5cm<\/li>\n<\/ul>\n","protected":false},"featured_media":231,"comment_status":"open","ping_status":"closed","template":"","meta":[],"product_brand":[],"product_cat":[97],"product_tag":[103,101,100,102,231],"class_list":{"0":"post-230","1":"product","2":"type-product","3":"status-publish","4":"has-post-thumbnail","6":"product_cat-rukavice","7":"product_tag-fantom","8":"product_tag-fleec","9":"product_tag-rukavice","10":"product_tag-slabe","11":"product_tag-softshell","13":"first","14":"instock","15":"taxable","16":"shipping-taxable","17":"purchasable","18":"product-type-variable","19":"has-default-attributes"},"_links":{"self":[{"href":"https:\/\/obchudekuanny.cz\/index.php?rest_route=\/wp\/v2\/product\/230","targetHints":{"allow":["GET"]}}],"collection":[{"href":"https:\/\/obchudekuanny.cz\/index.php?rest_route=\/wp\/v2\/product"}],"about":[{"href":"https:\/\/obchudekuanny.cz\/index.php?rest_route=\/wp\/v2\/types\/product"}],"replies":[{"embeddable":true,"href":"https:\/\/obchudekuanny.cz\/index.php?rest_route=%2Fwp%2Fv2%2Fcomments&post=230"}],"wp:featuredmedia":[{"embeddable":true,"href":"https:\/\/obchudekuanny.cz\/index.php?rest_route=\/wp\/v2\/media\/231"}],"wp:attachment":[{"href":"https:\/\/obchudekuanny.cz\/index.php?rest_route=%2Fwp%2Fv2%2Fmedia&parent=230"}],"wp:term":[{"taxonomy":"product_brand","embeddable":true,"href":"https:\/\/obchudekuanny.cz\/index.php?rest_route=%2Fwp%2Fv2%2Fproduct_brand&post=230"},{"taxonomy":"product_cat","embeddable":true,"href":"https:\/\/obchudekuanny.cz\/index.php?rest_route=%2Fwp%2Fv2%2Fproduct_cat&post=230"},{"taxonomy":"product_tag","embeddable":true,"href":"https:\/\/obchudekuanny.cz\/index.php?rest_route=%2Fwp%2Fv2%2Fproduct_tag&post=230"}],"curies":[{"name":"wp","href":"https:\/\/api.w.org\/{rel}","templated":true}]}}