{"id":2266,"date":"2023-04-03T12:50:10","date_gmt":"2023-04-03T10:50:10","guid":{"rendered":"http:\/\/obchudekuanny.cz\/?post_type=product&#038;p=2266"},"modified":"2023-08-28T09:36:42","modified_gmt":"2023-08-28T07:36:42","slug":"kalhotky-emy-jednorozec-sv-ruzova","status":"publish","type":"product","link":"https:\/\/obchudekuanny.cz\/?product=kalhotky-emy-jednorozec-sv-ruzova","title":{"rendered":"Kalhotky EMY jednoro\u017eec sv.r\u016f\u017eov\u00e1"},"content":{"rendered":"","protected":false},"excerpt":{"rendered":"<ul>\n<li>D\u00edv\u010d\u00ed kalhotky obl\u00edben\u00e9ho st\u0159ihu s p\u0159\u00edjemn\u00fdm \u0161irok\u00fdm lemem.<\/li>\n<li>\u00a0L\u00e9ty vyzkou\u0161en\u00fd st\u0159ih ocen\u00ed nejedna sle\u010dna.<\/li>\n<li>Materi\u00e1l 90% bavlna a 10% elastan.<\/li>\n<li>Velice p\u0159\u00edjemn\u00e9 na no\u0161en\u00ed, sed\u00ed perfektn\u011b nikde netla\u010d\u00ed.<\/li>\n<li>Italsk\u00fd v\u00fdrobce <strong>LOVELYGIRL EMY<\/strong><\/li>\n<\/ul>\n","protected":false},"featured_media":2802,"comment_status":"open","ping_status":"closed","template":"","meta":[],"product_brand":[],"product_cat":[57],"product_tag":[],"class_list":{"0":"post-2266","1":"product","2":"type-product","3":"status-publish","4":"has-post-thumbnail","6":"product_cat-emy-kalhotky","8":"first","9":"instock","10":"taxable","11":"shipping-taxable","12":"purchasable","13":"product-type-variable"},"_links":{"self":[{"href":"https:\/\/obchudekuanny.cz\/index.php?rest_route=\/wp\/v2\/product\/2266","targetHints":{"allow":["GET"]}}],"collection":[{"href":"https:\/\/obchudekuanny.cz\/index.php?rest_route=\/wp\/v2\/product"}],"about":[{"href":"https:\/\/obchudekuanny.cz\/index.php?rest_route=\/wp\/v2\/types\/product"}],"replies":[{"embeddable":true,"href":"https:\/\/obchudekuanny.cz\/index.php?rest_route=%2Fwp%2Fv2%2Fcomments&post=2266"}],"wp:featuredmedia":[{"embeddable":true,"href":"https:\/\/obchudekuanny.cz\/index.php?rest_route=\/wp\/v2\/media\/2802"}],"wp:attachment":[{"href":"https:\/\/obchudekuanny.cz\/index.php?rest_route=%2Fwp%2Fv2%2Fmedia&parent=2266"}],"wp:term":[{"taxonomy":"product_brand","embeddable":true,"href":"https:\/\/obchudekuanny.cz\/index.php?rest_route=%2Fwp%2Fv2%2Fproduct_brand&post=2266"},{"taxonomy":"product_cat","embeddable":true,"href":"https:\/\/obchudekuanny.cz\/index.php?rest_route=%2Fwp%2Fv2%2Fproduct_cat&post=2266"},{"taxonomy":"product_tag","embeddable":true,"href":"https:\/\/obchudekuanny.cz\/index.php?rest_route=%2Fwp%2Fv2%2Fproduct_tag&post=2266"}],"curies":[{"name":"wp","href":"https:\/\/api.w.org\/{rel}","templated":true}]}}