{"id":2245,"date":"2023-04-02T19:52:55","date_gmt":"2023-04-02T17:52:55","guid":{"rendered":"http:\/\/obchudekuanny.cz\/?post_type=product&#038;p=2245"},"modified":"2024-04-15T20:00:46","modified_gmt":"2024-04-15T18:00:46","slug":"pyzamo-jednorozec-gudo","status":"publish","type":"product","link":"https:\/\/obchudekuanny.cz\/?product=pyzamo-jednorozec-gudo","title":{"rendered":"Py\u017eamo jednoro\u017eec GUDO"},"content":{"rendered":"","protected":false},"excerpt":{"rendered":"<ul>\n<li>Bavln\u011bn\u00e9 py\u017eamko u\u0161it\u00e9 \u010cESKOU firmou GUDO.<\/li>\n<li>Material 98% bavlna a 2%elastan.<\/li>\n<li>N\u00e1plety na no\u017ei\u010dk\u00e1ch a ru\u010di\u010dk\u00e1ch.<\/li>\n<li>D\u011bti\u010dk\u00e1m tedy kr\u00e1sn\u011b sed\u00ed a snesou v\u011bts\u00ed velikost.<\/li>\n<li>V pase gumi\u010dka.<\/li>\n<li>DOPORU\u010cUJEME pr\u00e1t na 40\u00b0.<\/li>\n<li>Kr\u00e1sn\u011b dr\u017e\u00ed tvar i barvu.<\/li>\n<li>U\u0160ITO V \u010cESKU.<\/li>\n<li>N\u00e1\u0161e mal\u00e1 modelka m\u00e1 na sob\u011b velikost 122(6 let)<\/li>\n<\/ul>\n","protected":false},"featured_media":2416,"comment_status":"open","ping_status":"closed","template":"","meta":[],"product_brand":[],"product_cat":[42,106],"product_tag":[150,59,149,108],"class_list":{"0":"post-2245","1":"product","2":"type-product","3":"status-publish","4":"has-post-thumbnail","6":"product_cat-divci-obleceni","7":"product_cat-pyzama-divci-obleceni","8":"product_tag-fialova","9":"product_tag-gudo","10":"product_tag-jednorozec","11":"product_tag-pyzamo","13":"first","14":"instock","15":"taxable","16":"shipping-taxable","17":"purchasable","18":"product-type-variable"},"_links":{"self":[{"href":"https:\/\/obchudekuanny.cz\/index.php?rest_route=\/wp\/v2\/product\/2245","targetHints":{"allow":["GET"]}}],"collection":[{"href":"https:\/\/obchudekuanny.cz\/index.php?rest_route=\/wp\/v2\/product"}],"about":[{"href":"https:\/\/obchudekuanny.cz\/index.php?rest_route=\/wp\/v2\/types\/product"}],"replies":[{"embeddable":true,"href":"https:\/\/obchudekuanny.cz\/index.php?rest_route=%2Fwp%2Fv2%2Fcomments&post=2245"}],"wp:featuredmedia":[{"embeddable":true,"href":"https:\/\/obchudekuanny.cz\/index.php?rest_route=\/wp\/v2\/media\/2416"}],"wp:attachment":[{"href":"https:\/\/obchudekuanny.cz\/index.php?rest_route=%2Fwp%2Fv2%2Fmedia&parent=2245"}],"wp:term":[{"taxonomy":"product_brand","embeddable":true,"href":"https:\/\/obchudekuanny.cz\/index.php?rest_route=%2Fwp%2Fv2%2Fproduct_brand&post=2245"},{"taxonomy":"product_cat","embeddable":true,"href":"https:\/\/obchudekuanny.cz\/index.php?rest_route=%2Fwp%2Fv2%2Fproduct_cat&post=2245"},{"taxonomy":"product_tag","embeddable":true,"href":"https:\/\/obchudekuanny.cz\/index.php?rest_route=%2Fwp%2Fv2%2Fproduct_tag&post=2245"}],"curies":[{"name":"wp","href":"https:\/\/api.w.org\/{rel}","templated":true}]}}