{"id":2181,"date":"2023-03-17T09:43:47","date_gmt":"2023-03-17T08:43:47","guid":{"rendered":"http:\/\/obchudekuanny.cz\/?post_type=product&#038;p=2181"},"modified":"2023-05-01T07:52:53","modified_gmt":"2023-05-01T05:52:53","slug":"cepice-nakrcnik-dvojita-bavlna-atut-ruzova","status":"publish","type":"product","link":"https:\/\/obchudekuanny.cz\/?product=cepice-nakrcnik-dvojita-bavlna-atut-ruzova","title":{"rendered":"\u010cepice + n\u00e1kr\u010dn\u00edk bavlna dvouvrstv\u00e1 ATUT r\u016f\u017eov\u00e1"},"content":{"rendered":"","protected":false},"excerpt":{"rendered":"<ul>\n<li>Jemn\u00e1 \u010depi\u010dka polsk\u00e9 zna\u010dky ATUT v setu s n\u00e1kr\u010dn\u00edkem.<\/li>\n<li>Bavln\u011bn\u00e1 dvouvrstv\u00e1 s decentn\u00edm srd\u00ed\u010dkem.<\/li>\n<li>Materi\u00e1l 95% bavlna a 5% elastan.<\/li>\n<li>Slu\u0161\u00ed mal\u00fdm i velk\u00fdm sle\u010dn\u00e1m.<\/li>\n<\/ul>\n","protected":false},"featured_media":2691,"comment_status":"open","ping_status":"closed","template":"","meta":[],"product_brand":[],"product_cat":[96],"product_tag":[75,125,127,139,138],"class_list":{"0":"post-2181","1":"product","2":"type-product","3":"status-publish","4":"has-post-thumbnail","6":"product_cat-cepice-divci-obleceni","7":"product_tag-atut","8":"product_tag-cepice","9":"product_tag-dvojitabavlna","10":"product_tag-nakrcnik","11":"product_tag-ruzova","13":"first","14":"instock","15":"taxable","16":"shipping-taxable","17":"purchasable","18":"product-type-variable"},"_links":{"self":[{"href":"https:\/\/obchudekuanny.cz\/index.php?rest_route=\/wp\/v2\/product\/2181","targetHints":{"allow":["GET"]}}],"collection":[{"href":"https:\/\/obchudekuanny.cz\/index.php?rest_route=\/wp\/v2\/product"}],"about":[{"href":"https:\/\/obchudekuanny.cz\/index.php?rest_route=\/wp\/v2\/types\/product"}],"replies":[{"embeddable":true,"href":"https:\/\/obchudekuanny.cz\/index.php?rest_route=%2Fwp%2Fv2%2Fcomments&post=2181"}],"wp:featuredmedia":[{"embeddable":true,"href":"https:\/\/obchudekuanny.cz\/index.php?rest_route=\/wp\/v2\/media\/2691"}],"wp:attachment":[{"href":"https:\/\/obchudekuanny.cz\/index.php?rest_route=%2Fwp%2Fv2%2Fmedia&parent=2181"}],"wp:term":[{"taxonomy":"product_brand","embeddable":true,"href":"https:\/\/obchudekuanny.cz\/index.php?rest_route=%2Fwp%2Fv2%2Fproduct_brand&post=2181"},{"taxonomy":"product_cat","embeddable":true,"href":"https:\/\/obchudekuanny.cz\/index.php?rest_route=%2Fwp%2Fv2%2Fproduct_cat&post=2181"},{"taxonomy":"product_tag","embeddable":true,"href":"https:\/\/obchudekuanny.cz\/index.php?rest_route=%2Fwp%2Fv2%2Fproduct_tag&post=2181"}],"curies":[{"name":"wp","href":"https:\/\/api.w.org\/{rel}","templated":true}]}}