{"id":2176,"date":"2023-03-17T09:35:25","date_gmt":"2023-03-17T08:35:25","guid":{"rendered":"http:\/\/obchudekuanny.cz\/?post_type=product&#038;p=2176"},"modified":"2026-03-02T13:12:54","modified_gmt":"2026-03-02T12:12:54","slug":"cepicenakrcnik-dvojita-bavlna-atut-merunkova","status":"publish","type":"product","link":"https:\/\/obchudekuanny.cz\/?product=cepicenakrcnik-dvojita-bavlna-atut-merunkova","title":{"rendered":"\u010cepice + n\u00e1kr\u010dn\u00edk bavlna dvouvrstv\u00e1 ATUT merunkov\u00e1"},"content":{"rendered":"","protected":false},"excerpt":{"rendered":"<ul>\n<li>Jemn\u00e1 \u010depi\u010dka polsk\u00e9 zna\u010dky ATUT v setu s n\u00e1kr\u010dn\u00edkem.<\/li>\n<li>Bavln\u011bn\u00e1 dvouvrstv\u00e1 s decentn\u00edm srd\u00ed\u010dkem.<\/li>\n<li>Materi\u00e1l 95% bavlna a 5% elastan.<\/li>\n<li>Slu\u0161\u00ed mal\u00fdm i velk\u00fdm sle\u010dn\u00e1m.<\/li>\n<\/ul>\n","protected":false},"featured_media":2692,"comment_status":"open","ping_status":"closed","template":"","meta":[],"product_brand":[],"product_cat":[96],"product_tag":[75,125,127,137,139],"class_list":{"0":"post-2176","1":"product","2":"type-product","3":"status-publish","4":"has-post-thumbnail","6":"product_cat-cepice-divci-obleceni","7":"product_tag-atut","8":"product_tag-cepice","9":"product_tag-dvojitabavlna","10":"product_tag-merunkova","11":"product_tag-nakrcnik","13":"first","14":"instock","15":"taxable","16":"shipping-taxable","17":"purchasable","18":"product-type-variable"},"_links":{"self":[{"href":"https:\/\/obchudekuanny.cz\/index.php?rest_route=\/wp\/v2\/product\/2176","targetHints":{"allow":["GET"]}}],"collection":[{"href":"https:\/\/obchudekuanny.cz\/index.php?rest_route=\/wp\/v2\/product"}],"about":[{"href":"https:\/\/obchudekuanny.cz\/index.php?rest_route=\/wp\/v2\/types\/product"}],"replies":[{"embeddable":true,"href":"https:\/\/obchudekuanny.cz\/index.php?rest_route=%2Fwp%2Fv2%2Fcomments&post=2176"}],"wp:featuredmedia":[{"embeddable":true,"href":"https:\/\/obchudekuanny.cz\/index.php?rest_route=\/wp\/v2\/media\/2692"}],"wp:attachment":[{"href":"https:\/\/obchudekuanny.cz\/index.php?rest_route=%2Fwp%2Fv2%2Fmedia&parent=2176"}],"wp:term":[{"taxonomy":"product_brand","embeddable":true,"href":"https:\/\/obchudekuanny.cz\/index.php?rest_route=%2Fwp%2Fv2%2Fproduct_brand&post=2176"},{"taxonomy":"product_cat","embeddable":true,"href":"https:\/\/obchudekuanny.cz\/index.php?rest_route=%2Fwp%2Fv2%2Fproduct_cat&post=2176"},{"taxonomy":"product_tag","embeddable":true,"href":"https:\/\/obchudekuanny.cz\/index.php?rest_route=%2Fwp%2Fv2%2Fproduct_tag&post=2176"}],"curies":[{"name":"wp","href":"https:\/\/api.w.org\/{rel}","templated":true}]}}