{"id":1886,"date":"2023-01-31T08:37:42","date_gmt":"2023-01-31T07:37:42","guid":{"rendered":"http:\/\/obchudekuanny.cz\/?post_type=product&#038;p=1886"},"modified":"2023-05-01T10:04:16","modified_gmt":"2023-05-01T08:04:16","slug":"pyzamo-motylci-kr-rukav-gudo","status":"publish","type":"product","link":"https:\/\/obchudekuanny.cz\/?product=pyzamo-motylci-kr-rukav-gudo","title":{"rendered":"Py\u017eamo mot\u00fdlci kr.ruk\u00e1v GUDO"},"content":{"rendered":"","protected":false},"excerpt":{"rendered":"<ul>\n<li>Bavln\u011bn\u00e9 py\u017eamko u\u0161it\u00e9 \u010cESKOU firmou GUDO.<\/li>\n<li>Material 98% bavlna a 2%elastan.<\/li>\n<li>V pase gumi\u010dka.<\/li>\n<li>Kr\u00e1sn\u011b dr\u017e\u00ed tvar i barvu.<\/li>\n<li>U\u0160ITO V \u010cESKU<\/li>\n<li>Na\u0161e mal\u00e1 modelka m\u00e1 na sob\u011b velikost 104(3 roky) a velk\u00e1 sle\u010dna velikost 128(8 let)<\/li>\n<\/ul>\n","protected":false},"featured_media":2879,"comment_status":"open","ping_status":"closed","template":"","meta":[],"product_brand":[],"product_cat":[106],"product_tag":[59,130,93,89,108],"class_list":{"0":"post-1886","1":"product","2":"type-product","3":"status-publish","4":"has-post-thumbnail","6":"product_cat-pyzama-divci-obleceni","7":"product_tag-gudo","8":"product_tag-kr-rukav","9":"product_tag-motyl","10":"product_tag-motylci","11":"product_tag-pyzamo","13":"first","14":"instock","15":"taxable","16":"shipping-taxable","17":"purchasable","18":"product-type-variable"},"_links":{"self":[{"href":"https:\/\/obchudekuanny.cz\/index.php?rest_route=\/wp\/v2\/product\/1886","targetHints":{"allow":["GET"]}}],"collection":[{"href":"https:\/\/obchudekuanny.cz\/index.php?rest_route=\/wp\/v2\/product"}],"about":[{"href":"https:\/\/obchudekuanny.cz\/index.php?rest_route=\/wp\/v2\/types\/product"}],"replies":[{"embeddable":true,"href":"https:\/\/obchudekuanny.cz\/index.php?rest_route=%2Fwp%2Fv2%2Fcomments&post=1886"}],"wp:featuredmedia":[{"embeddable":true,"href":"https:\/\/obchudekuanny.cz\/index.php?rest_route=\/wp\/v2\/media\/2879"}],"wp:attachment":[{"href":"https:\/\/obchudekuanny.cz\/index.php?rest_route=%2Fwp%2Fv2%2Fmedia&parent=1886"}],"wp:term":[{"taxonomy":"product_brand","embeddable":true,"href":"https:\/\/obchudekuanny.cz\/index.php?rest_route=%2Fwp%2Fv2%2Fproduct_brand&post=1886"},{"taxonomy":"product_cat","embeddable":true,"href":"https:\/\/obchudekuanny.cz\/index.php?rest_route=%2Fwp%2Fv2%2Fproduct_cat&post=1886"},{"taxonomy":"product_tag","embeddable":true,"href":"https:\/\/obchudekuanny.cz\/index.php?rest_route=%2Fwp%2Fv2%2Fproduct_tag&post=1886"}],"curies":[{"name":"wp","href":"https:\/\/api.w.org\/{rel}","templated":true}]}}