{"id":1878,"date":"2023-01-30T20:09:59","date_gmt":"2023-01-30T19:09:59","guid":{"rendered":"http:\/\/obchudekuanny.cz\/?post_type=product&#038;p=1878"},"modified":"2023-05-01T10:33:23","modified_gmt":"2023-05-01T08:33:23","slug":"pyzamo-zebra-gudo","status":"publish","type":"product","link":"https:\/\/obchudekuanny.cz\/?product=pyzamo-zebra-gudo","title":{"rendered":"Py\u017eamo zebra GUDO"},"content":{"rendered":"","protected":false},"excerpt":{"rendered":"<ul>\n<li>Bavln\u011bn\u00e9 py\u017eamko u\u0161it\u00e9 \u010cESKOU firmou GUDO.<\/li>\n<li>Material 98% bavlna a 2%elastan.<\/li>\n<li>N\u00e1plety na no\u017ei\u010dk\u00e1ch a ru\u010di\u010dk\u00e1ch.<\/li>\n<li>D\u011bti\u010dk\u00e1m tedy kr\u00e1sn\u011b sed\u00ed a snesou v\u011bts\u00ed velikost.<\/li>\n<li>V pase gumi\u010dka.<\/li>\n<li>DOPORU\u010cUJEME pr\u00e1t na 40\u00b0.<\/li>\n<li>Kr\u00e1sn\u011b dr\u017e\u00ed tvar i barvu.<\/li>\n<li>U\u0160ITO V \u010cESKU.<\/li>\n<li>Na\u0161e mal\u00e1 modelka m\u00e1 na sob\u011b velikost 104(3 roky)<\/li>\n<\/ul>\n","protected":false},"featured_media":2886,"comment_status":"open","ping_status":"closed","template":"","meta":[],"product_brand":[],"product_cat":[106],"product_tag":[59,108,131],"class_list":{"0":"post-1878","1":"product","2":"type-product","3":"status-publish","4":"has-post-thumbnail","6":"product_cat-pyzama-divci-obleceni","7":"product_tag-gudo","8":"product_tag-pyzamo","9":"product_tag-zebra","11":"first","12":"instock","13":"taxable","14":"shipping-taxable","15":"purchasable","16":"product-type-variable"},"_links":{"self":[{"href":"https:\/\/obchudekuanny.cz\/index.php?rest_route=\/wp\/v2\/product\/1878","targetHints":{"allow":["GET"]}}],"collection":[{"href":"https:\/\/obchudekuanny.cz\/index.php?rest_route=\/wp\/v2\/product"}],"about":[{"href":"https:\/\/obchudekuanny.cz\/index.php?rest_route=\/wp\/v2\/types\/product"}],"replies":[{"embeddable":true,"href":"https:\/\/obchudekuanny.cz\/index.php?rest_route=%2Fwp%2Fv2%2Fcomments&post=1878"}],"wp:featuredmedia":[{"embeddable":true,"href":"https:\/\/obchudekuanny.cz\/index.php?rest_route=\/wp\/v2\/media\/2886"}],"wp:attachment":[{"href":"https:\/\/obchudekuanny.cz\/index.php?rest_route=%2Fwp%2Fv2%2Fmedia&parent=1878"}],"wp:term":[{"taxonomy":"product_brand","embeddable":true,"href":"https:\/\/obchudekuanny.cz\/index.php?rest_route=%2Fwp%2Fv2%2Fproduct_brand&post=1878"},{"taxonomy":"product_cat","embeddable":true,"href":"https:\/\/obchudekuanny.cz\/index.php?rest_route=%2Fwp%2Fv2%2Fproduct_cat&post=1878"},{"taxonomy":"product_tag","embeddable":true,"href":"https:\/\/obchudekuanny.cz\/index.php?rest_route=%2Fwp%2Fv2%2Fproduct_tag&post=1878"}],"curies":[{"name":"wp","href":"https:\/\/api.w.org\/{rel}","templated":true}]}}