{"id":1781,"date":"2023-01-30T17:54:24","date_gmt":"2023-01-30T16:54:24","guid":{"rendered":"http:\/\/obchudekuanny.cz\/?post_type=product&#038;p=1781"},"modified":"2024-04-28T18:37:11","modified_gmt":"2024-04-28T16:37:11","slug":"cepice-dvojita-bavlna-homeles-petrolejova-gudo","status":"publish","type":"product","link":"https:\/\/obchudekuanny.cz\/?product=cepice-dvojita-bavlna-homeles-petrolejova-gudo","title":{"rendered":"\u010cepice bavlna dvouvrstv\u00e1 HOMELES petrolejov\u00e1 GUDO"},"content":{"rendered":"","protected":false},"excerpt":{"rendered":"<ul>\n<li>Kr\u00e1sn\u00e1 \u010depi\u010dka kter\u00e1 slu\u0161\u00ed velk\u00fdm i mal\u00fdm hlavi\u010dk\u00e1m.<\/li>\n<li>Bavln\u011bn\u00e1 dvouvrstv\u00e1 \u010depice styl ala HOMELES.<\/li>\n<li>Material 98 % bavlna a 2 % elastan.<\/li>\n<li>\u010cesk\u00fd v\u00fdrobek.<\/li>\n<li>N\u00e1\u0161 velk\u00fd model m\u00e1 so sob\u011b velikost 56( 10 let) a mal\u00fd model 52( 3 roky)<\/li>\n<\/ul>\n","protected":false},"featured_media":2104,"comment_status":"open","ping_status":"closed","template":"","meta":[],"product_brand":[],"product_cat":[34],"product_tag":[125,127,59,126],"class_list":{"0":"post-1781","1":"product","2":"type-product","3":"status-publish","4":"has-post-thumbnail","6":"product_cat-cepice","7":"product_tag-cepice","8":"product_tag-dvojitabavlna","9":"product_tag-gudo","10":"product_tag-homeles","12":"first","13":"instock","14":"taxable","15":"shipping-taxable","16":"purchasable","17":"product-type-variable"},"_links":{"self":[{"href":"https:\/\/obchudekuanny.cz\/index.php?rest_route=\/wp\/v2\/product\/1781","targetHints":{"allow":["GET"]}}],"collection":[{"href":"https:\/\/obchudekuanny.cz\/index.php?rest_route=\/wp\/v2\/product"}],"about":[{"href":"https:\/\/obchudekuanny.cz\/index.php?rest_route=\/wp\/v2\/types\/product"}],"replies":[{"embeddable":true,"href":"https:\/\/obchudekuanny.cz\/index.php?rest_route=%2Fwp%2Fv2%2Fcomments&post=1781"}],"wp:featuredmedia":[{"embeddable":true,"href":"https:\/\/obchudekuanny.cz\/index.php?rest_route=\/wp\/v2\/media\/2104"}],"wp:attachment":[{"href":"https:\/\/obchudekuanny.cz\/index.php?rest_route=%2Fwp%2Fv2%2Fmedia&parent=1781"}],"wp:term":[{"taxonomy":"product_brand","embeddable":true,"href":"https:\/\/obchudekuanny.cz\/index.php?rest_route=%2Fwp%2Fv2%2Fproduct_brand&post=1781"},{"taxonomy":"product_cat","embeddable":true,"href":"https:\/\/obchudekuanny.cz\/index.php?rest_route=%2Fwp%2Fv2%2Fproduct_cat&post=1781"},{"taxonomy":"product_tag","embeddable":true,"href":"https:\/\/obchudekuanny.cz\/index.php?rest_route=%2Fwp%2Fv2%2Fproduct_tag&post=1781"}],"curies":[{"name":"wp","href":"https:\/\/api.w.org\/{rel}","templated":true}]}}