{"id":1727,"date":"2023-01-30T14:01:35","date_gmt":"2023-01-30T13:01:35","guid":{"rendered":"http:\/\/obchudekuanny.cz\/?post_type=product&#038;p=1727"},"modified":"2025-09-11T17:35:44","modified_gmt":"2025-09-11T15:35:44","slug":"teplaky-fotbal-gudo","status":"publish","type":"product","link":"https:\/\/obchudekuanny.cz\/?product=teplaky-fotbal-gudo","title":{"rendered":"Tepl\u00e1ky fotbal GUDO"},"content":{"rendered":"","protected":false},"excerpt":{"rendered":"<ul>\n<li>Bavln\u011bn\u00e9 tepl\u00e1\u010dky u\u0161it\u00e9 \u010cESKOU firmou GUDO.<\/li>\n<li>Material 98 % bavlna a 2 % elastan.<\/li>\n<li>N\u00e1plety na no\u017ei\u010dk\u00e1ch kr\u00e1sn\u011b obepnou kotn\u00edk.<\/li>\n<li>V pase guma.<\/li>\n<li>Kr\u00e1sn\u011b dr\u017e\u00ed tvar i barvu.<\/li>\n<li>U\u0160ITO V \u010cESKU<\/li>\n<li>Nesed\u00ed pro siln\u011bj\u0161\u00ed d\u011bti\u010dky. PO DOMLUV\u011a je mo\u017en\u00e9 nechat u\u0161\u00edt na m\u00edru.<\/li>\n<\/ul>\n","protected":false},"featured_media":1728,"comment_status":"open","ping_status":"closed","template":"","meta":[],"product_brand":[],"product_cat":[56],"product_tag":[119,59,69],"class_list":{"0":"post-1727","1":"product","2":"type-product","3":"status-publish","4":"has-post-thumbnail","6":"product_cat-teplaky","7":"product_tag-fotbal","8":"product_tag-gudo","9":"product_tag-teplaky","11":"first","12":"instock","13":"taxable","14":"shipping-taxable","15":"purchasable","16":"product-type-variable"},"_links":{"self":[{"href":"https:\/\/obchudekuanny.cz\/index.php?rest_route=\/wp\/v2\/product\/1727","targetHints":{"allow":["GET"]}}],"collection":[{"href":"https:\/\/obchudekuanny.cz\/index.php?rest_route=\/wp\/v2\/product"}],"about":[{"href":"https:\/\/obchudekuanny.cz\/index.php?rest_route=\/wp\/v2\/types\/product"}],"replies":[{"embeddable":true,"href":"https:\/\/obchudekuanny.cz\/index.php?rest_route=%2Fwp%2Fv2%2Fcomments&post=1727"}],"wp:featuredmedia":[{"embeddable":true,"href":"https:\/\/obchudekuanny.cz\/index.php?rest_route=\/wp\/v2\/media\/1728"}],"wp:attachment":[{"href":"https:\/\/obchudekuanny.cz\/index.php?rest_route=%2Fwp%2Fv2%2Fmedia&parent=1727"}],"wp:term":[{"taxonomy":"product_brand","embeddable":true,"href":"https:\/\/obchudekuanny.cz\/index.php?rest_route=%2Fwp%2Fv2%2Fproduct_brand&post=1727"},{"taxonomy":"product_cat","embeddable":true,"href":"https:\/\/obchudekuanny.cz\/index.php?rest_route=%2Fwp%2Fv2%2Fproduct_cat&post=1727"},{"taxonomy":"product_tag","embeddable":true,"href":"https:\/\/obchudekuanny.cz\/index.php?rest_route=%2Fwp%2Fv2%2Fproduct_tag&post=1727"}],"curies":[{"name":"wp","href":"https:\/\/api.w.org\/{rel}","templated":true}]}}